{"id":1365,"date":"2022-12-14T08:19:57","date_gmt":"2022-12-14T08:19:57","guid":{"rendered":"https:\/\/www.meritonhotels.com\/privacy-policy\/"},"modified":"2023-02-14T11:43:34","modified_gmt":"2023-02-14T11:43:34","slug":"privacy-policy","status":"publish","type":"page","link":"https:\/\/www.meritonhotels.com\/et\/privacy-policy\/","title":{"rendered":"Andmete t\u00f6\u00f6tlemine ja k\u00fcpsiste kasutamine"},"content":{"rendered":"\n<div class=\"wp-block-cover alignfull is-light\"><span aria-hidden=\"true\" class=\"wp-block-cover__background has-background-dim-0 has-background-dim\"><\/span><img loading=\"lazy\" decoding=\"async\" width=\"1024\" height=\"576\" class=\"wp-block-cover__image-background wp-image-86\" alt=\"\" src=\"https:\/\/www.meritonhotels.com\/wp-content\/uploads\/2022\/12\/DJI_0549-E-1024x576-1.jpg\" style=\"object-position:48% 15%\" data-object-fit=\"cover\" data-object-position=\"48% 15%\" srcset=\"https:\/\/www.meritonhotels.com\/wp-content\/uploads\/2022\/12\/DJI_0549-E-1024x576-1.jpg 1024w, https:\/\/www.meritonhotels.com\/wp-content\/uploads\/2022\/12\/DJI_0549-E-1024x576-1-300x169.jpg 300w, https:\/\/www.meritonhotels.com\/wp-content\/uploads\/2022\/12\/DJI_0549-E-1024x576-1-768x432.jpg 768w\" sizes=\"auto, (max-width: 1024px) 100vw, 1024px\" \/><div class=\"wp-block-cover__inner-container is-layout-flow wp-block-cover-is-layout-flow\">\n<p class=\"has-text-align-center has-large-font-size\">ANDMETE T\u00d6\u00d6TLEMINE JA K\u00dcPSISTE KASUTAMINE<\/p>\n<\/div><\/div>\n\n\n\n<div class=\"wp-block-columns alignwide is-layout-flex wp-container-core-columns-is-layout-9d6595d7 wp-block-columns-is-layout-flex\">\n<div class=\"wp-block-column is-layout-flow wp-block-column-is-layout-flow\" style=\"letter-spacing:1px\">\n<p>1. <strong>Andmete t\u00f6\u00f6tlemise p\u00f5him\u00f5tted<\/strong><br><br>1.1. Andmete t\u00f6\u00f6tlemise p\u00f5him\u00f5tted kehtivad Meriton Old Town Garden Hotelli veebilehe Kasutajatele.<\/p>\n\n\n\n<p>Meie ettev\u00f5tja t\u00f6\u00f6tleb isikuandmeid ainult Teile teenuse osutamiseks. Me ei edasta, m\u00fc\u00fc ega avalikusta Teie andmeid kolmandatele osapooltele ilma Teie eelneva n\u00f5usolekuta v\u00f5i seaduses s\u00e4testatud juhtudel.<\/p>\n\n\n\n<p><strong>Andmete kogumine<\/strong><\/p>\n\n\n\n<p>1.2. Vormide t\u00e4itmisel jagunevad Tellija poolt esitamisele kuuluvad andmed kohustuslikeks ning vabatahtlikult edastatavateks andmeteks.<br>1.3. Kohustuslikult tuleb Tellijal edastada j\u00e4rgmised andmeid:<br>1.3.1. Nimi \u2013 vajalik broneeringu t\u00e4itmiseks ja tagamiseks;<br>1.3.2. E-posti aadress \u2013 vajalik broneeringu t\u00e4itmiseks ja vajadusel arvete esitamiseks;<br>1.3.3. Telefoni number \u2013 vajalik broneeringu t\u00e4itmiseks ning t\u00e4itmise tagamiseks sh teenuse t\u00f5rgete teadete edastamiseks.<\/p>\n\n\n\n<p><strong>Emailiga liitumisel andmete kogumine<\/strong><\/p>\n\n\n\n<p>1.4. Kohustuslikult tuleb Tellijal edastada j\u00e4rgmised andmeid:<br>1.4.1. Kohustuslik on e-mailiga liitumisel e-maili aadressi sisestamine.<br>1.5. Antud eraldi n\u00f5usolek andmete edastamisega on Tellija andnud n\u00f5usoleku oma kontaktandmete kasutamiseks otseturunduse eesm\u00e4rgil, st talle edastatakse turundusliku iseloomuga teadaandeid tema poolt antud kontaktandmeid kasutades.<br>1.6. Tellijal on igal ajal \u00f5igus otseturunduslikel eesm\u00e4rkidel saadetavate teadaannete saamisest loobuda. Juhend kommertsteadannetest loobumiseks on lisatud igale kommertsteadandele.<br>1.7. Tellija andmete vastutav t\u00f6\u00f6tleja on Meriton Old Town Garden Hotelli\/Meriton Hotels AS, asukoht <a href=\"https:\/\/maps.google.com\/maps?q=Lai%2B24%2FPikk%2B29%2B10133%2BTallinn%2BHarju%2Best\">Lai 24\/Pikk 29, 10133 Tallinn, Harju maakond, Eesti<\/a>.<br><br><strong>Andmete s\u00e4ilitamise aeg<\/strong><\/p>\n\n\n\n<p>1.8. Meriton Old Town Garden Hotell s\u00e4ilitab andmeid nii kaua, kui neid on vaja andmete kasutamise eesm\u00e4rgi saavutamiseks v\u00f5i seadusest tulenevate n\u00f5ude aegumist\u00e4htaegade saabumiseni ja seadusest tuleneva dokumendi s\u00e4ilitust\u00e4htaja saabumiseni (vastavalt k\u00e4ibemaksuseadusele ning raamatupidamise seadusele 7 aastat).<\/p>\n\n\n\n<p><strong>Kliendi \u00f5igused andmete kasutamisega seoses<\/strong><\/p>\n\n\n\n<p>1.9. Tellijal on \u00f5igus saada Meriton Old Town Garden Hotell teavet enda andmete kasutamise kohta seaduses s\u00e4testatud korras ja ulatuses;<br>1.10. Tellijal on \u00f5igus n\u00f5uda Meriton Old Town Garden Hotelli poolt enda andmete kasutamise l\u00f5petamist ning andmete parandamist, sulgemist ja kustutamist;<br>1.11. Tellijal on \u00f5igus n\u00f5ustuda v\u00f5i keelata oma andmete kasutamine otseturunduseks v\u00f5i turunduslikel eesm\u00e4rkidel;<br>1.12. Tellijal on \u00f5igus p\u00f6\u00f6rduda oma \u00f5iguste kaitseks Andmekaitse Inspektsiooni ja kohtu poole.<br>1.13. K\u00f5iki isikuandmeid puudutavate k\u00fcsimuste korral on Teil \u00f5igus saata meile e-kiri <a href=\"garden@meritonhotels.com\">garden@meritonhotels.com<\/a> v\u00f5i helistada numbril (+372) 664 8800.<\/p>\n<\/div>\n\n\n\n<div class=\"wp-block-column is-layout-flow wp-block-column-is-layout-flow\" style=\"letter-spacing:1px\">\n<p><strong>2. K\u00fcpsiste kasutamise p\u00f5him\u00f5tted<\/strong><br><br>2.1. Kasutajate paremaks teenindamiseks kasutavad Meriton Old Town Garden Hotelli veebilehed k\u00fcpsiseid ehk cookie\u2019sid.<br>2.2. Meriton Old Town Garden Hotellile kuuluvad domeenid v\u00f5ivad muuhulgas sisaldada elementi, mis salvestavad k\u00fcpsiseid kolmandate isikute nimel.<\/p>\n\n\n\n<p><strong>K\u00fcpsistest keeldumine<\/strong><\/p>\n\n\n\n<p>2.3. Kasutajal on \u00f5igus keelduda k\u00fcpsiste salvestamisest arvutisse. Vastava soovi korral peab Tellija muutma oma veebilehitseja seadeid.<br>2.4. Eri t\u00fc\u00fcpi veebilehitsejad kasutavad k\u00fcpsiste keelamiseks erinevaid meetodeid. T\u00e4psem informatsioon on kuvatud veebilehel <a rel=\"noreferrer noopener\" href=\"http:\/\/www.aki.ee\/et\/kupsised\" target=\"_blank\">https:\/\/www.aki.ee\/et\/kupsised<\/a> v\u00f5i inglisekeelsel lehel <a rel=\"noreferrer noopener\" href=\"http:\/\/www.allaboutcookies.org\/\" target=\"_blank\">https:\/\/www.allaboutcookies.org\/<\/a>.<br>2.5. K\u00fcpsiste blokeerimisel peab Kasutaja arvestama, et k\u00f5ik veebilehe funktsioonid ei pruugi p\u00e4rast k\u00fcpsiste blokeerimist enam Kasutajale k\u00e4ttesaadavad olla.<\/p>\n\n\n\n<p><strong>Mis on k\u00fcpsis ehk cookie?<\/strong><\/p>\n\n\n\n<p>2.6. K\u00fcpsis on tekstifail, mille saadavad ja salvestavad Kasutaja arvutisse veebilehed, mida kasutaja k\u00fclastab. K\u00fcpsis salvestatakse Kasutaja veebilehitseja failikataloogis. Juhul kui Kasutaja on veebilehte varem k\u00fclastanud, loeb veebilehitseja k\u00fcpsist ning edastab vastava teabe veebilehele v\u00f5i elemendile, mis k\u00fcpsise algul salvestas. Lisateave k\u00fcpsiste kohta on k\u00e4ttesaadav veebilehel <a href=\"https:\/\/www.aki.ee\/et\/kupsised\" target=\"_blank\" rel=\"noreferrer noopener\">https:\/\/www.aki.ee\/et\/kupsised<\/a> v\u00f5i inglisekeelsel lehel <a href=\"https:\/\/www.allaboutcookies.org\" target=\"_blank\" rel=\"noreferrer noopener\">https:\/\/www.allaboutcookies.org<\/a>\/.<br>2.7. K\u00fcpsised v\u00f5imaldavad j\u00e4lgida veebilehe kasutusstatistikat, rubriikide populaarsust ning muid veebilehel tehtavatest toiminguid. K\u00fcpsisest saadavat teavet kasutatakse veebilehe kasutusmugavuse ja sisu parandamise eesm\u00e4rgil.<\/p>\n\n\n\n<p><strong>Veebilehel kasutatavate k\u00fcpsiste t\u00fc\u00fcbid<\/strong><\/p>\n\n\n\n<p>2.8. P\u00fcsik\u00fcpsised on h\u00e4davajalikud veebilehel ringi liikumiseks ja selle funktsioonide kasutamiseks. P\u00fcsik\u00fcpsiste puudumisel ei saaks Kasutaja kasutada k\u00f5iki veebilehe funktsioone.<br>2.9. Sessioonik\u00fcpsised v\u00f5imaldavad veebilehel meelde j\u00e4tta Kasutaja poolt tehtud varasemaid valikud (n\u00e4iteks kasutajanimi, keelevalik jne) ning seel\u00e4bi pakkuda t\u00f5husamaid ja isikup\u00e4rasemaid funktsioone.<br>2.10. J\u00e4lgimisk\u00fcpsised koguvad andmeid Kasutaja k\u00e4itumisest veebilehel. J\u00e4lgimisk\u00fcpsisest saadav informatsioon v\u00f5imaldab t\u00f5sta veebilehe kasutusmugavust.<\/p>\n<\/div>\n<\/div>\n","protected":false},"excerpt":{"rendered":"<p>1. Andmete t\u00f6\u00f6tlemise p\u00f5him\u00f5tted 1.1. Andmete t\u00f6\u00f6tlemise p\u00f5him\u00f5tted kehtivad Meriton Old Town Garden Hotelli veebilehe Kasutajatele. Meie ettev\u00f5tja t\u00f6\u00f6tleb isikuandmeid ainult Teile teenuse osutamiseks. Me ei edasta, m\u00fc\u00fc ega avalikusta Teie andmeid kolmandatele osapooltele ilma Teie eelneva n\u00f5usolekuta v\u00f5i seaduses s\u00e4testatud juhtudel. Andmete kogumine 1.2. Vormide t\u00e4itmisel jagunevad Tellija poolt esitamisele kuuluvad andmed kohustuslikeks ning [&hellip;]<\/p>\n","protected":false},"author":1,"featured_media":0,"parent":0,"menu_order":0,"comment_status":"closed","ping_status":"closed","template":"","meta":{"footnotes":""},"class_list":["post-1365","page","type-page","status-publish","hentry"],"yoast_head":"<!-- This site is optimized with the Yoast SEO plugin v26.8 - https:\/\/yoast.com\/product\/yoast-seo-wordpress\/ -->\n<title>Andmete t\u00f6\u00f6tlemine ja k\u00fcpsiste kasutamine - Meriton Old Town Hotels<\/title>\n<meta name=\"robots\" content=\"index, follow, max-snippet:-1, max-image-preview:large, max-video-preview:-1\" \/>\n<link rel=\"canonical\" href=\"https:\/\/www.meritonhotels.com\/et\/privacy-policy\/\" \/>\n<meta property=\"og:locale\" content=\"et_EE\" \/>\n<meta property=\"og:type\" content=\"article\" \/>\n<meta property=\"og:title\" content=\"Andmete t\u00f6\u00f6tlemine ja k\u00fcpsiste kasutamine - Meriton Old Town Hotels\" \/>\n<meta property=\"og:description\" content=\"1. Andmete t\u00f6\u00f6tlemise p\u00f5him\u00f5tted 1.1. Andmete t\u00f6\u00f6tlemise p\u00f5him\u00f5tted kehtivad Meriton Old Town Garden Hotelli veebilehe Kasutajatele. Meie ettev\u00f5tja t\u00f6\u00f6tleb isikuandmeid ainult Teile teenuse osutamiseks. Me ei edasta, m\u00fc\u00fc ega avalikusta Teie andmeid kolmandatele osapooltele ilma Teie eelneva n\u00f5usolekuta v\u00f5i seaduses s\u00e4testatud juhtudel. Andmete kogumine 1.2. Vormide t\u00e4itmisel jagunevad Tellija poolt esitamisele kuuluvad andmed kohustuslikeks ning [&hellip;]\" \/>\n<meta property=\"og:url\" content=\"https:\/\/www.meritonhotels.com\/et\/privacy-policy\/\" \/>\n<meta property=\"og:site_name\" content=\"Meriton Old Town Hotels\" \/>\n<meta property=\"article:modified_time\" content=\"2023-02-14T11:43:34+00:00\" \/>\n<meta property=\"og:image\" content=\"https:\/\/www.meritonhotels.com\/wp-content\/uploads\/2022\/12\/DJI_0549-E-1024x576-1.jpg\" \/>\n<meta name=\"twitter:card\" content=\"summary_large_image\" \/>\n<meta name=\"twitter:label1\" content=\"Est. reading time\" \/>\n\t<meta name=\"twitter:data1\" content=\"3 minutit\" \/>\n<script type=\"application\/ld+json\" class=\"yoast-schema-graph\">{\"@context\":\"https:\/\/schema.org\",\"@graph\":[{\"@type\":\"WebPage\",\"@id\":\"https:\/\/www.meritonhotels.com\/et\/privacy-policy\/\",\"url\":\"https:\/\/www.meritonhotels.com\/et\/privacy-policy\/\",\"name\":\"Andmete t\u00f6\u00f6tlemine ja k\u00fcpsiste kasutamine - Meriton Old Town Hotels\",\"isPartOf\":{\"@id\":\"https:\/\/www.meritonhotels.com\/#website\"},\"primaryImageOfPage\":{\"@id\":\"https:\/\/www.meritonhotels.com\/et\/privacy-policy\/#primaryimage\"},\"image\":{\"@id\":\"https:\/\/www.meritonhotels.com\/et\/privacy-policy\/#primaryimage\"},\"thumbnailUrl\":\"https:\/\/www.meritonhotels.com\/wp-content\/uploads\/2022\/12\/DJI_0549-E-1024x576-1.jpg\",\"datePublished\":\"2022-12-14T08:19:57+00:00\",\"dateModified\":\"2023-02-14T11:43:34+00:00\",\"breadcrumb\":{\"@id\":\"https:\/\/www.meritonhotels.com\/et\/privacy-policy\/#breadcrumb\"},\"inLanguage\":\"et\",\"potentialAction\":[{\"@type\":\"ReadAction\",\"target\":[\"https:\/\/www.meritonhotels.com\/et\/privacy-policy\/\"]}]},{\"@type\":\"ImageObject\",\"inLanguage\":\"et\",\"@id\":\"https:\/\/www.meritonhotels.com\/et\/privacy-policy\/#primaryimage\",\"url\":\"https:\/\/www.meritonhotels.com\/wp-content\/uploads\/2022\/12\/DJI_0549-E-1024x576-1.jpg\",\"contentUrl\":\"https:\/\/www.meritonhotels.com\/wp-content\/uploads\/2022\/12\/DJI_0549-E-1024x576-1.jpg\"},{\"@type\":\"BreadcrumbList\",\"@id\":\"https:\/\/www.meritonhotels.com\/et\/privacy-policy\/#breadcrumb\",\"itemListElement\":[{\"@type\":\"ListItem\",\"position\":1,\"name\":\"Home\",\"item\":\"https:\/\/www.meritonhotels.com\/et\/\"},{\"@type\":\"ListItem\",\"position\":2,\"name\":\"Andmete t\u00f6\u00f6tlemine ja k\u00fcpsiste kasutamine\"}]},{\"@type\":\"WebSite\",\"@id\":\"https:\/\/www.meritonhotels.com\/#website\",\"url\":\"https:\/\/www.meritonhotels.com\/\",\"name\":\"Meriton Old Town Hotels\",\"description\":\"Hotel right in the heart of Tallinn old town\",\"potentialAction\":[{\"@type\":\"SearchAction\",\"target\":{\"@type\":\"EntryPoint\",\"urlTemplate\":\"https:\/\/www.meritonhotels.com\/?s={search_term_string}\"},\"query-input\":{\"@type\":\"PropertyValueSpecification\",\"valueRequired\":true,\"valueName\":\"search_term_string\"}}],\"inLanguage\":\"et\"}]}<\/script>\n<!-- \/ Yoast SEO plugin. -->","yoast_head_json":{"title":"Andmete t\u00f6\u00f6tlemine ja k\u00fcpsiste kasutamine - Meriton Old Town Hotels","robots":{"index":"index","follow":"follow","max-snippet":"max-snippet:-1","max-image-preview":"max-image-preview:large","max-video-preview":"max-video-preview:-1"},"canonical":"https:\/\/www.meritonhotels.com\/et\/privacy-policy\/","og_locale":"et_EE","og_type":"article","og_title":"Andmete t\u00f6\u00f6tlemine ja k\u00fcpsiste kasutamine - Meriton Old Town Hotels","og_description":"1. Andmete t\u00f6\u00f6tlemise p\u00f5him\u00f5tted 1.1. Andmete t\u00f6\u00f6tlemise p\u00f5him\u00f5tted kehtivad Meriton Old Town Garden Hotelli veebilehe Kasutajatele. Meie ettev\u00f5tja t\u00f6\u00f6tleb isikuandmeid ainult Teile teenuse osutamiseks. Me ei edasta, m\u00fc\u00fc ega avalikusta Teie andmeid kolmandatele osapooltele ilma Teie eelneva n\u00f5usolekuta v\u00f5i seaduses s\u00e4testatud juhtudel. Andmete kogumine 1.2. Vormide t\u00e4itmisel jagunevad Tellija poolt esitamisele kuuluvad andmed kohustuslikeks ning [&hellip;]","og_url":"https:\/\/www.meritonhotels.com\/et\/privacy-policy\/","og_site_name":"Meriton Old Town Hotels","article_modified_time":"2023-02-14T11:43:34+00:00","og_image":[{"url":"https:\/\/www.meritonhotels.com\/wp-content\/uploads\/2022\/12\/DJI_0549-E-1024x576-1.jpg","type":"","width":"","height":""}],"twitter_card":"summary_large_image","twitter_misc":{"Est. reading time":"3 minutit"},"schema":{"@context":"https:\/\/schema.org","@graph":[{"@type":"WebPage","@id":"https:\/\/www.meritonhotels.com\/et\/privacy-policy\/","url":"https:\/\/www.meritonhotels.com\/et\/privacy-policy\/","name":"Andmete t\u00f6\u00f6tlemine ja k\u00fcpsiste kasutamine - Meriton Old Town Hotels","isPartOf":{"@id":"https:\/\/www.meritonhotels.com\/#website"},"primaryImageOfPage":{"@id":"https:\/\/www.meritonhotels.com\/et\/privacy-policy\/#primaryimage"},"image":{"@id":"https:\/\/www.meritonhotels.com\/et\/privacy-policy\/#primaryimage"},"thumbnailUrl":"https:\/\/www.meritonhotels.com\/wp-content\/uploads\/2022\/12\/DJI_0549-E-1024x576-1.jpg","datePublished":"2022-12-14T08:19:57+00:00","dateModified":"2023-02-14T11:43:34+00:00","breadcrumb":{"@id":"https:\/\/www.meritonhotels.com\/et\/privacy-policy\/#breadcrumb"},"inLanguage":"et","potentialAction":[{"@type":"ReadAction","target":["https:\/\/www.meritonhotels.com\/et\/privacy-policy\/"]}]},{"@type":"ImageObject","inLanguage":"et","@id":"https:\/\/www.meritonhotels.com\/et\/privacy-policy\/#primaryimage","url":"https:\/\/www.meritonhotels.com\/wp-content\/uploads\/2022\/12\/DJI_0549-E-1024x576-1.jpg","contentUrl":"https:\/\/www.meritonhotels.com\/wp-content\/uploads\/2022\/12\/DJI_0549-E-1024x576-1.jpg"},{"@type":"BreadcrumbList","@id":"https:\/\/www.meritonhotels.com\/et\/privacy-policy\/#breadcrumb","itemListElement":[{"@type":"ListItem","position":1,"name":"Home","item":"https:\/\/www.meritonhotels.com\/et\/"},{"@type":"ListItem","position":2,"name":"Andmete t\u00f6\u00f6tlemine ja k\u00fcpsiste kasutamine"}]},{"@type":"WebSite","@id":"https:\/\/www.meritonhotels.com\/#website","url":"https:\/\/www.meritonhotels.com\/","name":"Meriton Old Town Hotels","description":"Hotel right in the heart of Tallinn old town","potentialAction":[{"@type":"SearchAction","target":{"@type":"EntryPoint","urlTemplate":"https:\/\/www.meritonhotels.com\/?s={search_term_string}"},"query-input":{"@type":"PropertyValueSpecification","valueRequired":true,"valueName":"search_term_string"}}],"inLanguage":"et"}]}},"_links":{"self":[{"href":"https:\/\/www.meritonhotels.com\/et\/wp-json\/wp\/v2\/pages\/1365","targetHints":{"allow":["GET"]}}],"collection":[{"href":"https:\/\/www.meritonhotels.com\/et\/wp-json\/wp\/v2\/pages"}],"about":[{"href":"https:\/\/www.meritonhotels.com\/et\/wp-json\/wp\/v2\/types\/page"}],"author":[{"embeddable":true,"href":"https:\/\/www.meritonhotels.com\/et\/wp-json\/wp\/v2\/users\/1"}],"replies":[{"embeddable":true,"href":"https:\/\/www.meritonhotels.com\/et\/wp-json\/wp\/v2\/comments?post=1365"}],"version-history":[{"count":3,"href":"https:\/\/www.meritonhotels.com\/et\/wp-json\/wp\/v2\/pages\/1365\/revisions"}],"predecessor-version":[{"id":1391,"href":"https:\/\/www.meritonhotels.com\/et\/wp-json\/wp\/v2\/pages\/1365\/revisions\/1391"}],"wp:attachment":[{"href":"https:\/\/www.meritonhotels.com\/et\/wp-json\/wp\/v2\/media?parent=1365"}],"curies":[{"name":"wp","href":"https:\/\/api.w.org\/{rel}","templated":true}]}}