{"id":1349,"date":"2022-12-30T11:17:04","date_gmt":"2022-12-30T11:17:04","guid":{"rendered":"https:\/\/www.meritonhotels.com\/offers\/"},"modified":"2023-09-04T07:20:22","modified_gmt":"2023-09-04T07:20:22","slug":"offers","status":"publish","type":"page","link":"https:\/\/www.meritonhotels.com\/et\/offers\/","title":{"rendered":"Pakkumised"},"content":{"rendered":"\n<div class=\"wp-block-cover alignfull is-light\"><span aria-hidden=\"true\" class=\"wp-block-cover__background has-background-dim-0 has-background-dim\"><\/span><img loading=\"lazy\" decoding=\"async\" width=\"1024\" height=\"576\" class=\"wp-block-cover__image-background wp-image-86\" alt=\"\" src=\"https:\/\/www.meritonhotels.com\/wp-content\/uploads\/2022\/12\/DJI_0549-E-1024x576-1.jpg\" style=\"object-position:47% 19%\" data-object-fit=\"cover\" data-object-position=\"47% 19%\" srcset=\"https:\/\/www.meritonhotels.com\/wp-content\/uploads\/2022\/12\/DJI_0549-E-1024x576-1.jpg 1024w, https:\/\/www.meritonhotels.com\/wp-content\/uploads\/2022\/12\/DJI_0549-E-1024x576-1-300x169.jpg 300w, https:\/\/www.meritonhotels.com\/wp-content\/uploads\/2022\/12\/DJI_0549-E-1024x576-1-768x432.jpg 768w\" sizes=\"auto, (max-width: 1024px) 100vw, 1024px\" \/><div class=\"wp-block-cover__inner-container is-layout-flow wp-block-cover-is-layout-flow\">\n<p class=\"has-text-align-center has-black-color has-text-color has-large-font-size\" style=\"letter-spacing:1px\">PAKKUMISED<\/p>\n<\/div><\/div>\n\n\n\n<div style=\"height:10px\" aria-hidden=\"true\" class=\"wp-block-spacer\"><\/div>\n\n\n\n<div class=\"wp-block-columns alignwide are-vertically-aligned-center is-layout-flex wp-container-core-columns-is-layout-9d6595d7 wp-block-columns-is-layout-flex\">\n<div class=\"wp-block-column is-vertically-aligned-center is-layout-flow wp-block-column-is-layout-flow\">\n<figure class=\"wp-block-image size-full\"><img loading=\"lazy\" decoding=\"async\" width=\"1024\" height=\"577\" src=\"https:\/\/www.meritonhotels.com\/wp-content\/uploads\/2023\/01\/50shades-1024x577-1.jpg\" alt=\"\" class=\"wp-image-1006\" srcset=\"https:\/\/www.meritonhotels.com\/wp-content\/uploads\/2023\/01\/50shades-1024x577-1.jpg 1024w, https:\/\/www.meritonhotels.com\/wp-content\/uploads\/2023\/01\/50shades-1024x577-1-300x169.jpg 300w, https:\/\/www.meritonhotels.com\/wp-content\/uploads\/2023\/01\/50shades-1024x577-1-768x433.jpg 768w\" sizes=\"auto, (max-width: 1024px) 100vw, 1024px\" \/><\/figure>\n<\/div>\n\n\n\n<div class=\"wp-block-column is-vertically-aligned-center is-layout-flow wp-block-column-is-layout-flow\" style=\"letter-spacing:1px\">\n<h2 class=\"has-text-align-center wp-block-heading\" style=\"font-size:25px;letter-spacing:1px;text-transform:uppercase\">EROOTILINE PAKETT <br>\u201cVIISK\u00dcMMEND HALLI VARJUNDIT\u201d<\/h2>\n\n\n\n<p style=\"letter-spacing:1px\">Erootilisest romaanist \u201cViisk\u00fcmmend Halli Varjundit\u201d on saanud globaalne fenomen, mida on maailmas m\u00fc\u00fcdud \u00fcle 100 miljoni koopia. T\u00e4histamaks seda erilist s\u00fcndmust, pakub hotell Meriton Old Town Garden v\u00fcrtsikat eripaketti \u201cViisk\u00fcmmend Halli Varjundit\u201d. See erootiline pakett sisaldab k\u00f5ike, mida vajad unustamatuks \u00f5htuks oma kallimaga\u2026<\/p>\n\n\n\n<p style=\"letter-spacing:1px\"><strong><strong>Pakett sisaldab:<\/strong><\/strong><\/p>\n\n\n\n<ul class=\"wp-block-list\">\n<li>\u00d6\u00f6 kahele Standard toas koos hommikus\u00f6\u00f6giga<\/li>\n\n\n\n<li>Pudel punast veini meeleolu loomiseks<\/li>\n\n\n\n<li>Erootiline kinkekomplekt k\u00f5ige vajalikuga<\/li>\n\n\n\n<li>Eriline \u201cMitte h\u00e4irida\u201d uksesilt, mille saate suveniirina kaasa v\u00f5tta<\/li>\n\n\n\n<li>Spetsiaalselt selleks \u00f5htuks koostatud \u201cleping\u201d, mis lubab partneril sinuga ellu viia oma salajaseimad fantaasiad<\/li>\n\n\n\n<li>Hotelli t\u00e4ielik diskreetsus<br><br><strong>NB!<\/strong>&nbsp;Loomulikult v\u00f5ib k\u00f5ik paketis sisalduvad asjad endaga kaasa v\u00f5tta, et j\u00e4tkata naudinguid kodus. K\u00fcsi pakkumist majutusele ka Superior v\u00f5i Deluxe toas!&nbsp;<br><\/li>\n<\/ul>\n\n\n\n<div class=\"wp-block-buttons is-content-justification-center is-layout-flex wp-container-core-buttons-is-layout-16018d1d wp-block-buttons-is-layout-flex\">\n<div class=\"wp-block-button\"><a class=\"wp-block-button__link wp-element-button\" href=\"https:\/\/www.meritonhotels.com\/et\/request\/\">SAADA P\u00c4RING<\/a><\/div>\n<\/div>\n<\/div>\n<\/div>\n\n\n\n<div style=\"height:10px\" aria-hidden=\"true\" class=\"wp-block-spacer\"><\/div>\n\n\n\n<hr class=\"wp-block-separator has-alpha-channel-opacity\"\/>\n\n\n\n<div style=\"height:10px\" aria-hidden=\"true\" class=\"wp-block-spacer\"><\/div>\n\n\n\n<div class=\"wp-block-columns alignwide are-vertically-aligned-center is-layout-flex wp-container-core-columns-is-layout-9d6595d7 wp-block-columns-is-layout-flex\">\n<div class=\"wp-block-column is-vertically-aligned-center is-layout-flow wp-block-column-is-layout-flow\" style=\"letter-spacing:1px\">\n<h2 class=\"has-text-align-center wp-block-heading\" style=\"font-size:25px;text-transform:uppercase\">EROOTILINE PAKETT \u201cVIISK\u00dcMMEND HALLI VARJUNDIT\u201d VOL. 2 \u2013 AINULT JULGEMATELE<\/h2>\n\n\n\n<p>Erootilisest romaanist \u201c50 Halli Varjundit\u201d on saanud globaalne fenomen, mida on maailmas m\u00fc\u00fcdud \u00fcle 100 miljoni koopia. 2015 aasta veebruarikuus j\u00f5udis kinolinadele ka raamatu kauaoodatud filmiadaptsioon.<\/p>\n\n\n\n<p>Samal aastal tuli ka Meriton Old Town Garden Hotell esimest korda v\u00e4lja v\u00fcrtsika eripaketiga \u201c50 Halli Varjundit\u201d. Kuna antud pakett on osutunud aastate jooksul v\u00e4ga populaarseks, siis otsustasime teha oma klientidele hotelli 10. s\u00fcnnip\u00e4eva puhul uue ja veelgi julgema \u201c50 Halli Varjundit\u201d vol. 2 paketi.<\/p>\n\n\n\n<p><strong><strong><strong>Pakett sisaldab:<\/strong><\/strong><\/strong><\/p>\n\n\n\n<ul class=\"wp-block-list\">\n<li>\u00d6\u00f6 kahele Standard toas koos hommikus\u00f6\u00f6giga<\/li>\n\n\n\n<li>Pudel punast veini meeleolu loomiseks<\/li>\n\n\n\n<li>Erootilised abivahendid \u00f5htu nautimiseks<\/li>\n\n\n\n<li>Erootiline pesu<\/li>\n\n\n\n<li>Erootilised m\u00e4nguasjad<\/li>\n\n\n\n<li>Eriline \u201cMitte h\u00e4irida\u201d uksesilt, mille saate suveniirina kaasa v\u00f5tta<\/li>\n\n\n\n<li>Spetsiaalselt selleks \u00f5htuks koostatud \u201cleping\u201d, mis lubab partneril sinuga ellu viia oma salajaseimad fantaasiad<\/li>\n\n\n\n<li>Hotelli t\u00e4ielik diskreetsus<br><br><strong>NB!<\/strong>&nbsp;Loomulikult v\u00f5ib k\u00f5ik paketis sisalduvad asjad endaga kaasa v\u00f5tta, et j\u00e4tkata naudinguid kodus. K\u00fcsi pakkumist majutusele ka Superior v\u00f5i Deluxe toas!&nbsp;<br><\/li>\n<\/ul>\n\n\n\n<div class=\"wp-block-buttons is-content-justification-center is-layout-flex wp-container-core-buttons-is-layout-16018d1d wp-block-buttons-is-layout-flex\">\n<div class=\"wp-block-button\"><a class=\"wp-block-button__link wp-element-button\" href=\"https:\/\/www.meritonhotels.com\/et\/request\/\">SAADA P\u00c4RING<\/a><\/div>\n<\/div>\n<\/div>\n\n\n\n<div class=\"wp-block-column is-vertically-aligned-center is-layout-flow wp-block-column-is-layout-flow\">\n<figure class=\"wp-block-image size-large\"><img loading=\"lazy\" decoding=\"async\" width=\"1024\" height=\"576\" src=\"https:\/\/www.meritonhotels.com\/wp-content\/uploads\/2023\/01\/50-shades-vol.2-1-1024x576.jpg\" alt=\"\" class=\"wp-image-1079\" srcset=\"https:\/\/www.meritonhotels.com\/wp-content\/uploads\/2023\/01\/50-shades-vol.2-1-1024x576.jpg 1024w, https:\/\/www.meritonhotels.com\/wp-content\/uploads\/2023\/01\/50-shades-vol.2-1-300x169.jpg 300w, https:\/\/www.meritonhotels.com\/wp-content\/uploads\/2023\/01\/50-shades-vol.2-1-768x432.jpg 768w, https:\/\/www.meritonhotels.com\/wp-content\/uploads\/2023\/01\/50-shades-vol.2-1.jpg 1280w\" sizes=\"auto, (max-width: 1024px) 100vw, 1024px\" \/><\/figure>\n<\/div>\n<\/div>\n\n\n\n<div style=\"height:10px\" aria-hidden=\"true\" class=\"wp-block-spacer\"><\/div>\n","protected":false},"excerpt":{"rendered":"<p>EROOTILINE PAKETT \u201cVIISK\u00dcMMEND HALLI VARJUNDIT\u201d Erootilisest romaanist \u201cViisk\u00fcmmend Halli Varjundit\u201d on saanud globaalne fenomen, mida on maailmas m\u00fc\u00fcdud \u00fcle 100 miljoni koopia. T\u00e4histamaks seda erilist s\u00fcndmust, pakub hotell Meriton Old Town Garden v\u00fcrtsikat eripaketti \u201cViisk\u00fcmmend Halli Varjundit\u201d. See erootiline pakett sisaldab k\u00f5ike, mida vajad unustamatuks \u00f5htuks oma kallimaga\u2026 Pakett sisaldab: EROOTILINE PAKETT \u201cVIISK\u00dcMMEND HALLI VARJUNDIT\u201d [&hellip;]<\/p>\n","protected":false},"author":2,"featured_media":0,"parent":0,"menu_order":5,"comment_status":"closed","ping_status":"closed","template":"","meta":{"footnotes":""},"class_list":["post-1349","page","type-page","status-publish","hentry"],"yoast_head":"<!-- This site is optimized with the Yoast SEO plugin v26.8 - https:\/\/yoast.com\/product\/yoast-seo-wordpress\/ -->\n<title>Pakkumised - Meriton Old Town Hotels<\/title>\n<meta name=\"robots\" content=\"index, follow, max-snippet:-1, max-image-preview:large, max-video-preview:-1\" \/>\n<link rel=\"canonical\" href=\"https:\/\/www.meritonhotels.com\/et\/offers\/\" \/>\n<meta property=\"og:locale\" content=\"et_EE\" \/>\n<meta property=\"og:type\" content=\"article\" \/>\n<meta property=\"og:title\" content=\"Pakkumised - Meriton Old Town Hotels\" \/>\n<meta property=\"og:description\" content=\"EROOTILINE PAKETT \u201cVIISK\u00dcMMEND HALLI VARJUNDIT\u201d Erootilisest romaanist \u201cViisk\u00fcmmend Halli Varjundit\u201d on saanud globaalne fenomen, mida on maailmas m\u00fc\u00fcdud \u00fcle 100 miljoni koopia. T\u00e4histamaks seda erilist s\u00fcndmust, pakub hotell Meriton Old Town Garden v\u00fcrtsikat eripaketti \u201cViisk\u00fcmmend Halli Varjundit\u201d. See erootiline pakett sisaldab k\u00f5ike, mida vajad unustamatuks \u00f5htuks oma kallimaga\u2026 Pakett sisaldab: EROOTILINE PAKETT \u201cVIISK\u00dcMMEND HALLI VARJUNDIT\u201d [&hellip;]\" \/>\n<meta property=\"og:url\" content=\"https:\/\/www.meritonhotels.com\/et\/offers\/\" \/>\n<meta property=\"og:site_name\" content=\"Meriton Old Town Hotels\" \/>\n<meta property=\"article:modified_time\" content=\"2023-09-04T07:20:22+00:00\" \/>\n<meta property=\"og:image\" content=\"https:\/\/www.meritonhotels.com\/wp-content\/uploads\/2022\/12\/DJI_0549-E-1024x576-1.jpg\" \/>\n<meta name=\"twitter:card\" content=\"summary_large_image\" \/>\n<meta name=\"twitter:label1\" content=\"Est. reading time\" \/>\n\t<meta name=\"twitter:data1\" content=\"2 minutit\" \/>\n<script type=\"application\/ld+json\" class=\"yoast-schema-graph\">{\"@context\":\"https:\/\/schema.org\",\"@graph\":[{\"@type\":\"WebPage\",\"@id\":\"https:\/\/www.meritonhotels.com\/et\/offers\/\",\"url\":\"https:\/\/www.meritonhotels.com\/et\/offers\/\",\"name\":\"Pakkumised - Meriton Old Town Hotels\",\"isPartOf\":{\"@id\":\"https:\/\/www.meritonhotels.com\/#website\"},\"primaryImageOfPage\":{\"@id\":\"https:\/\/www.meritonhotels.com\/et\/offers\/#primaryimage\"},\"image\":{\"@id\":\"https:\/\/www.meritonhotels.com\/et\/offers\/#primaryimage\"},\"thumbnailUrl\":\"https:\/\/www.meritonhotels.com\/wp-content\/uploads\/2022\/12\/DJI_0549-E-1024x576-1.jpg\",\"datePublished\":\"2022-12-30T11:17:04+00:00\",\"dateModified\":\"2023-09-04T07:20:22+00:00\",\"breadcrumb\":{\"@id\":\"https:\/\/www.meritonhotels.com\/et\/offers\/#breadcrumb\"},\"inLanguage\":\"et\",\"potentialAction\":[{\"@type\":\"ReadAction\",\"target\":[\"https:\/\/www.meritonhotels.com\/et\/offers\/\"]}]},{\"@type\":\"ImageObject\",\"inLanguage\":\"et\",\"@id\":\"https:\/\/www.meritonhotels.com\/et\/offers\/#primaryimage\",\"url\":\"https:\/\/www.meritonhotels.com\/wp-content\/uploads\/2022\/12\/DJI_0549-E-1024x576-1.jpg\",\"contentUrl\":\"https:\/\/www.meritonhotels.com\/wp-content\/uploads\/2022\/12\/DJI_0549-E-1024x576-1.jpg\"},{\"@type\":\"BreadcrumbList\",\"@id\":\"https:\/\/www.meritonhotels.com\/et\/offers\/#breadcrumb\",\"itemListElement\":[{\"@type\":\"ListItem\",\"position\":1,\"name\":\"Home\",\"item\":\"https:\/\/www.meritonhotels.com\/et\/\"},{\"@type\":\"ListItem\",\"position\":2,\"name\":\"Pakkumised\"}]},{\"@type\":\"WebSite\",\"@id\":\"https:\/\/www.meritonhotels.com\/#website\",\"url\":\"https:\/\/www.meritonhotels.com\/\",\"name\":\"Meriton Old Town Hotels\",\"description\":\"Hotel right in the heart of Tallinn old town\",\"potentialAction\":[{\"@type\":\"SearchAction\",\"target\":{\"@type\":\"EntryPoint\",\"urlTemplate\":\"https:\/\/www.meritonhotels.com\/?s={search_term_string}\"},\"query-input\":{\"@type\":\"PropertyValueSpecification\",\"valueRequired\":true,\"valueName\":\"search_term_string\"}}],\"inLanguage\":\"et\"}]}<\/script>\n<!-- \/ Yoast SEO plugin. -->","yoast_head_json":{"title":"Pakkumised - Meriton Old Town Hotels","robots":{"index":"index","follow":"follow","max-snippet":"max-snippet:-1","max-image-preview":"max-image-preview:large","max-video-preview":"max-video-preview:-1"},"canonical":"https:\/\/www.meritonhotels.com\/et\/offers\/","og_locale":"et_EE","og_type":"article","og_title":"Pakkumised - Meriton Old Town Hotels","og_description":"EROOTILINE PAKETT \u201cVIISK\u00dcMMEND HALLI VARJUNDIT\u201d Erootilisest romaanist \u201cViisk\u00fcmmend Halli Varjundit\u201d on saanud globaalne fenomen, mida on maailmas m\u00fc\u00fcdud \u00fcle 100 miljoni koopia. T\u00e4histamaks seda erilist s\u00fcndmust, pakub hotell Meriton Old Town Garden v\u00fcrtsikat eripaketti \u201cViisk\u00fcmmend Halli Varjundit\u201d. See erootiline pakett sisaldab k\u00f5ike, mida vajad unustamatuks \u00f5htuks oma kallimaga\u2026 Pakett sisaldab: EROOTILINE PAKETT \u201cVIISK\u00dcMMEND HALLI VARJUNDIT\u201d [&hellip;]","og_url":"https:\/\/www.meritonhotels.com\/et\/offers\/","og_site_name":"Meriton Old Town Hotels","article_modified_time":"2023-09-04T07:20:22+00:00","og_image":[{"url":"https:\/\/www.meritonhotels.com\/wp-content\/uploads\/2022\/12\/DJI_0549-E-1024x576-1.jpg","type":"","width":"","height":""}],"twitter_card":"summary_large_image","twitter_misc":{"Est. reading time":"2 minutit"},"schema":{"@context":"https:\/\/schema.org","@graph":[{"@type":"WebPage","@id":"https:\/\/www.meritonhotels.com\/et\/offers\/","url":"https:\/\/www.meritonhotels.com\/et\/offers\/","name":"Pakkumised - Meriton Old Town Hotels","isPartOf":{"@id":"https:\/\/www.meritonhotels.com\/#website"},"primaryImageOfPage":{"@id":"https:\/\/www.meritonhotels.com\/et\/offers\/#primaryimage"},"image":{"@id":"https:\/\/www.meritonhotels.com\/et\/offers\/#primaryimage"},"thumbnailUrl":"https:\/\/www.meritonhotels.com\/wp-content\/uploads\/2022\/12\/DJI_0549-E-1024x576-1.jpg","datePublished":"2022-12-30T11:17:04+00:00","dateModified":"2023-09-04T07:20:22+00:00","breadcrumb":{"@id":"https:\/\/www.meritonhotels.com\/et\/offers\/#breadcrumb"},"inLanguage":"et","potentialAction":[{"@type":"ReadAction","target":["https:\/\/www.meritonhotels.com\/et\/offers\/"]}]},{"@type":"ImageObject","inLanguage":"et","@id":"https:\/\/www.meritonhotels.com\/et\/offers\/#primaryimage","url":"https:\/\/www.meritonhotels.com\/wp-content\/uploads\/2022\/12\/DJI_0549-E-1024x576-1.jpg","contentUrl":"https:\/\/www.meritonhotels.com\/wp-content\/uploads\/2022\/12\/DJI_0549-E-1024x576-1.jpg"},{"@type":"BreadcrumbList","@id":"https:\/\/www.meritonhotels.com\/et\/offers\/#breadcrumb","itemListElement":[{"@type":"ListItem","position":1,"name":"Home","item":"https:\/\/www.meritonhotels.com\/et\/"},{"@type":"ListItem","position":2,"name":"Pakkumised"}]},{"@type":"WebSite","@id":"https:\/\/www.meritonhotels.com\/#website","url":"https:\/\/www.meritonhotels.com\/","name":"Meriton Old Town Hotels","description":"Hotel right in the heart of Tallinn old town","potentialAction":[{"@type":"SearchAction","target":{"@type":"EntryPoint","urlTemplate":"https:\/\/www.meritonhotels.com\/?s={search_term_string}"},"query-input":{"@type":"PropertyValueSpecification","valueRequired":true,"valueName":"search_term_string"}}],"inLanguage":"et"}]}},"_links":{"self":[{"href":"https:\/\/www.meritonhotels.com\/et\/wp-json\/wp\/v2\/pages\/1349","targetHints":{"allow":["GET"]}}],"collection":[{"href":"https:\/\/www.meritonhotels.com\/et\/wp-json\/wp\/v2\/pages"}],"about":[{"href":"https:\/\/www.meritonhotels.com\/et\/wp-json\/wp\/v2\/types\/page"}],"author":[{"embeddable":true,"href":"https:\/\/www.meritonhotels.com\/et\/wp-json\/wp\/v2\/users\/2"}],"replies":[{"embeddable":true,"href":"https:\/\/www.meritonhotels.com\/et\/wp-json\/wp\/v2\/comments?post=1349"}],"version-history":[{"count":5,"href":"https:\/\/www.meritonhotels.com\/et\/wp-json\/wp\/v2\/pages\/1349\/revisions"}],"predecessor-version":[{"id":1908,"href":"https:\/\/www.meritonhotels.com\/et\/wp-json\/wp\/v2\/pages\/1349\/revisions\/1908"}],"wp:attachment":[{"href":"https:\/\/www.meritonhotels.com\/et\/wp-json\/wp\/v2\/media?parent=1349"}],"curies":[{"name":"wp","href":"https:\/\/api.w.org\/{rel}","templated":true}]}}