{"id":1344,"date":"2023-01-02T14:01:44","date_gmt":"2023-01-02T14:01:44","guid":{"rendered":"https:\/\/www.meritonhotels.com\/seminar\/"},"modified":"2024-02-19T10:08:29","modified_gmt":"2024-02-19T10:08:29","slug":"seminar","status":"publish","type":"page","link":"https:\/\/www.meritonhotels.com\/et\/seminar\/","title":{"rendered":"Seminar"},"content":{"rendered":"\n<div class=\"wp-block-cover alignfull is-light\"><span aria-hidden=\"true\" class=\"wp-block-cover__background has-background-dim-0 has-background-dim\"><\/span><img loading=\"lazy\" decoding=\"async\" width=\"1430\" height=\"804\" class=\"wp-block-cover__image-background wp-image-919\" alt=\"\" src=\"https:\/\/www.meritonhotels.com\/wp-content\/uploads\/2023\/01\/Pulmad-Tallinnas-Villa-Mary-5.jpg\" style=\"object-position:55% 15%\" data-object-fit=\"cover\" data-object-position=\"55% 15%\" srcset=\"https:\/\/www.meritonhotels.com\/wp-content\/uploads\/2023\/01\/Pulmad-Tallinnas-Villa-Mary-5.jpg 1430w, https:\/\/www.meritonhotels.com\/wp-content\/uploads\/2023\/01\/Pulmad-Tallinnas-Villa-Mary-5-300x169.jpg 300w, https:\/\/www.meritonhotels.com\/wp-content\/uploads\/2023\/01\/Pulmad-Tallinnas-Villa-Mary-5-1024x576.jpg 1024w, https:\/\/www.meritonhotels.com\/wp-content\/uploads\/2023\/01\/Pulmad-Tallinnas-Villa-Mary-5-768x432.jpg 768w\" sizes=\"auto, (max-width: 1430px) 100vw, 1430px\" \/><div class=\"wp-block-cover__inner-container is-layout-flow wp-block-cover-is-layout-flow\">\n<h2 class=\"has-text-align-center has-large-font-size wp-block-heading\" style=\"letter-spacing:1px\">SEMINAR<\/h2>\n<\/div><\/div>\n\n\n\n<div style=\"height:10px\" aria-hidden=\"true\" class=\"wp-block-spacer\"><\/div>\n\n\n\n<div class=\"wp-block-columns alignwide are-vertically-aligned-center has-gold-background-color has-background is-layout-flex wp-container-core-columns-is-layout-9d6595d7 wp-block-columns-is-layout-flex\">\n<div class=\"wp-block-column is-vertically-aligned-center is-layout-flow wp-block-column-is-layout-flow\">\n<figure class=\"wp-block-gallery has-nested-images columns-default is-cropped wp-block-gallery-1 is-layout-flex wp-block-gallery-is-layout-flex\">\n<figure class=\"wp-block-image size-large\"><a href=\"https:\/\/www.meritonhotels.com\/wp-content\/uploads\/2023\/01\/Yritus_2.jpg\"><img loading=\"lazy\" decoding=\"async\" width=\"1024\" height=\"576\" data-id=\"931\" src=\"https:\/\/www.meritonhotels.com\/wp-content\/uploads\/2023\/01\/Yritus_2-1024x576.jpg\" alt=\"\" class=\"wp-image-931\" srcset=\"https:\/\/www.meritonhotels.com\/wp-content\/uploads\/2023\/01\/Yritus_2-1024x576.jpg 1024w, https:\/\/www.meritonhotels.com\/wp-content\/uploads\/2023\/01\/Yritus_2-300x169.jpg 300w, https:\/\/www.meritonhotels.com\/wp-content\/uploads\/2023\/01\/Yritus_2-768x432.jpg 768w, https:\/\/www.meritonhotels.com\/wp-content\/uploads\/2023\/01\/Yritus_2-1536x864.jpg 1536w, https:\/\/www.meritonhotels.com\/wp-content\/uploads\/2023\/01\/Yritus_2-1568x882.jpg 1568w, https:\/\/www.meritonhotels.com\/wp-content\/uploads\/2023\/01\/Yritus_2.jpg 1920w\" sizes=\"auto, (max-width: 1024px) 100vw, 1024px\" \/><\/a><\/figure>\n<\/figure>\n<\/div>\n\n\n\n<div class=\"wp-block-column is-vertically-aligned-center is-layout-flow wp-block-column-is-layout-flow\">\n<p class=\"has-text-align-center\">Korraldage meeldej\u00e4\u00e4v s\u00fcndmus, olgu selleks s\u00fcnnip\u00e4ev v\u00f5i t\u00e4htp\u00e4ev<br>v\u00f5i lihtsalt \u00f5dus \u00f5htu s\u00f5pradega.<\/p>\n\n\n\n<p class=\"has-text-align-center\">Pakume teile sobivad ruumid, toitlustuse ja parima teeninduse<br>kogu \u00fcrituse v\u00e4ltel. Lisaks saame pakkuda majutust meie juures<br>Meriton Old Town Garden hotellis.<\/p>\n\n\n\n<p class=\"has-text-align-center\">Meie konverentsi- ja seminariruumid asuvad Tallinna vanalinnas.<br>Kahel erineval korrusel saab l\u00e4bi viia nii ametlikke koosolekuid kui ka pidulikke \u00fcritusi.<\/p>\n\n\n\n<p class=\"has-text-align-center\"><br><\/p>\n\n\n\n<div class=\"wp-block-buttons is-content-justification-center is-layout-flex wp-container-core-buttons-is-layout-16018d1d wp-block-buttons-is-layout-flex\">\n<div class=\"wp-block-button\"><a class=\"wp-block-button__link wp-element-button\" href=\"https:\/\/www.meritonhotels.com\/et\/seminari-paring\/\">SAADA P\u00c4RING<\/a><\/div>\n<\/div>\n<\/div>\n<\/div>\n\n\n\n<div style=\"height:10px\" aria-hidden=\"true\" class=\"wp-block-spacer\"><\/div>\n\n\n\n<h2 class=\"has-text-align-center wp-block-heading\" style=\"font-size:30px;letter-spacing:1px\">MEIE SEMINARIRUUMID<\/h2>\n\n\n\n<div style=\"height:10px\" aria-hidden=\"true\" class=\"wp-block-spacer\"><\/div>\n\n\n\n<div class=\"wp-block-columns alignwide are-vertically-aligned-center is-layout-flex wp-container-core-columns-is-layout-9d6595d7 wp-block-columns-is-layout-flex\">\n<div class=\"wp-block-column is-vertically-aligned-center is-layout-flow wp-block-column-is-layout-flow\" style=\"flex-basis:66.66%\">\n<figure class=\"wp-block-gallery has-nested-images columns-default is-cropped wp-block-gallery-2 is-layout-flex wp-block-gallery-is-layout-flex\">\n<figure class=\"wp-block-image size-large\"><a href=\"https:\/\/www.meritonhotels.com\/wp-content\/uploads\/2023\/01\/Cafe-Pikk_1.jpg\"><img loading=\"lazy\" decoding=\"async\" width=\"1024\" height=\"576\" data-id=\"969\" src=\"https:\/\/www.meritonhotels.com\/wp-content\/uploads\/2023\/01\/Cafe-Pikk_1-1024x576.jpg\" alt=\"\" class=\"wp-image-969\" srcset=\"https:\/\/www.meritonhotels.com\/wp-content\/uploads\/2023\/01\/Cafe-Pikk_1-1024x576.jpg 1024w, https:\/\/www.meritonhotels.com\/wp-content\/uploads\/2023\/01\/Cafe-Pikk_1-300x169.jpg 300w, https:\/\/www.meritonhotels.com\/wp-content\/uploads\/2023\/01\/Cafe-Pikk_1-768x432.jpg 768w, https:\/\/www.meritonhotels.com\/wp-content\/uploads\/2023\/01\/Cafe-Pikk_1-1536x864.jpg 1536w, https:\/\/www.meritonhotels.com\/wp-content\/uploads\/2023\/01\/Cafe-Pikk_1-1568x882.jpg 1568w, https:\/\/www.meritonhotels.com\/wp-content\/uploads\/2023\/01\/Cafe-Pikk_1.jpg 1600w\" sizes=\"auto, (max-width: 1024px) 100vw, 1024px\" \/><\/a><\/figure>\n\n\n\n<figure class=\"wp-block-image size-large\"><a href=\"https:\/\/www.meritonhotels.com\/wp-content\/uploads\/2023\/01\/Pulmad-Tallinnas-Villa-Mary-6.jpg\"><img loading=\"lazy\" decoding=\"async\" width=\"1024\" height=\"576\" data-id=\"923\" src=\"https:\/\/www.meritonhotels.com\/wp-content\/uploads\/2023\/01\/Pulmad-Tallinnas-Villa-Mary-6-1024x576.jpg\" alt=\"\" class=\"wp-image-923\" srcset=\"https:\/\/www.meritonhotels.com\/wp-content\/uploads\/2023\/01\/Pulmad-Tallinnas-Villa-Mary-6-1024x576.jpg 1024w, https:\/\/www.meritonhotels.com\/wp-content\/uploads\/2023\/01\/Pulmad-Tallinnas-Villa-Mary-6-300x169.jpg 300w, https:\/\/www.meritonhotels.com\/wp-content\/uploads\/2023\/01\/Pulmad-Tallinnas-Villa-Mary-6-768x432.jpg 768w, https:\/\/www.meritonhotels.com\/wp-content\/uploads\/2023\/01\/Pulmad-Tallinnas-Villa-Mary-6.jpg 1430w\" sizes=\"auto, (max-width: 1024px) 100vw, 1024px\" \/><\/a><\/figure>\n<\/figure>\n<\/div>\n\n\n\n<div class=\"wp-block-column is-vertically-aligned-center is-layout-flow wp-block-column-is-layout-flow\" style=\"flex-basis:33.33%\">\n<p class=\"has-text-align-left\" style=\"font-size:25px;letter-spacing:1px\">HOMMIKUS\u00d6\u00d6GI SAAL<\/p>\n\n\n\n<p style=\"letter-spacing:1px\"><strong>Mahutavus:<\/strong><br>\u2013 Teatristiil kuni 50 k\u00fclalist<br>\u2013 Klassiruum kuni 40 k\u00fclalist<br>\u2013 Diplomaat kuni 20 k\u00fclalist<br>\u2013 U-kuju kuni 22 k\u00fclalist<br>\u2013 Vastuv\u00f5tt kuni 20 k\u00fclalist<\/p>\n<\/div>\n<\/div>\n\n\n\n<div style=\"height:10px\" aria-hidden=\"true\" class=\"wp-block-spacer\"><\/div>\n\n\n\n<hr class=\"wp-block-separator has-alpha-channel-opacity is-style-default\"\/>\n\n\n\n<div style=\"height:10px\" aria-hidden=\"true\" class=\"wp-block-spacer\"><\/div>\n\n\n\n<div class=\"wp-block-columns alignwide are-vertically-aligned-center is-layout-flex wp-container-core-columns-is-layout-9d6595d7 wp-block-columns-is-layout-flex\">\n<div class=\"wp-block-column is-vertically-aligned-center is-layout-flow wp-block-column-is-layout-flow\" style=\"flex-basis:33.33%\">\n<p class=\"has-text-align-left\" style=\"font-size:25px;letter-spacing:1px;text-transform:uppercase\">Trofe V\u00c4IKE SAAL<\/p>\n\n\n\n<p style=\"letter-spacing:1px\"><strong>Suurus:<\/strong>&nbsp;50 m\u00b2<br><strong>Mahutavus:<\/strong><br>\u2013 Teatristiil kuni 40 k\u00fclalist<br>\u2013 Klassiruum kuni 30 k\u00fclalist<br>\u2013 Diplomaat kuni 20 k\u00fclalist<br>\u2013 U-kuju kuni 22 k\u00fclalist<br>\u2013 Vastuv\u00f5tt kuni 30 k\u00fclalist<\/p>\n<\/div>\n\n\n\n<div class=\"wp-block-column is-vertically-aligned-center is-layout-flow wp-block-column-is-layout-flow\" style=\"flex-basis:66.66%\">\n<figure class=\"wp-block-gallery has-nested-images columns-default is-cropped wp-block-gallery-3 is-layout-flex wp-block-gallery-is-layout-flex\">\n<figure class=\"wp-block-image size-large\"><a href=\"https:\/\/www.meritonhotels.com\/wp-content\/uploads\/2023\/01\/Conference_Merchanr-room-11-1024x576-1.jpg\"><img loading=\"lazy\" decoding=\"async\" width=\"1024\" height=\"576\" data-id=\"939\" src=\"https:\/\/www.meritonhotels.com\/wp-content\/uploads\/2023\/01\/Conference_Merchanr-room-11-1024x576-1.jpg\" alt=\"\" class=\"wp-image-939\" srcset=\"https:\/\/www.meritonhotels.com\/wp-content\/uploads\/2023\/01\/Conference_Merchanr-room-11-1024x576-1.jpg 1024w, https:\/\/www.meritonhotels.com\/wp-content\/uploads\/2023\/01\/Conference_Merchanr-room-11-1024x576-1-300x169.jpg 300w, https:\/\/www.meritonhotels.com\/wp-content\/uploads\/2023\/01\/Conference_Merchanr-room-11-1024x576-1-768x432.jpg 768w\" sizes=\"auto, (max-width: 1024px) 100vw, 1024px\" \/><\/a><\/figure>\n\n\n\n<figure class=\"wp-block-image size-large\"><a href=\"https:\/\/www.meritonhotels.com\/wp-content\/uploads\/2023\/01\/Conference_Merchanr-room1-1024x576-1.jpg\"><img loading=\"lazy\" decoding=\"async\" width=\"1024\" height=\"576\" data-id=\"935\" src=\"https:\/\/www.meritonhotels.com\/wp-content\/uploads\/2023\/01\/Conference_Merchanr-room1-1024x576-1.jpg\" alt=\"\" class=\"wp-image-935\" srcset=\"https:\/\/www.meritonhotels.com\/wp-content\/uploads\/2023\/01\/Conference_Merchanr-room1-1024x576-1.jpg 1024w, https:\/\/www.meritonhotels.com\/wp-content\/uploads\/2023\/01\/Conference_Merchanr-room1-1024x576-1-300x169.jpg 300w, https:\/\/www.meritonhotels.com\/wp-content\/uploads\/2023\/01\/Conference_Merchanr-room1-1024x576-1-768x432.jpg 768w\" sizes=\"auto, (max-width: 1024px) 100vw, 1024px\" \/><\/a><\/figure>\n<\/figure>\n<\/div>\n<\/div>\n\n\n\n<div style=\"height:10px\" aria-hidden=\"true\" class=\"wp-block-spacer\"><\/div>\n\n\n\n<hr class=\"wp-block-separator has-alpha-channel-opacity is-style-default\"\/>\n\n\n\n<div style=\"height:10px\" aria-hidden=\"true\" class=\"wp-block-spacer\"><\/div>\n\n\n\n<div class=\"wp-block-columns alignwide are-vertically-aligned-center is-layout-flex wp-container-core-columns-is-layout-9d6595d7 wp-block-columns-is-layout-flex\">\n<div class=\"wp-block-column is-vertically-aligned-center is-layout-flow wp-block-column-is-layout-flow\" style=\"flex-basis:66.66%\">\n<figure class=\"wp-block-gallery has-nested-images columns-default is-cropped wp-block-gallery-4 is-layout-flex wp-block-gallery-is-layout-flex\">\n<figure class=\"wp-block-image size-large\"><a href=\"https:\/\/www.meritonhotels.com\/wp-content\/uploads\/2023\/02\/Trofe_resto.jpg\"><img loading=\"lazy\" decoding=\"async\" width=\"1024\" height=\"576\" data-id=\"1307\" src=\"https:\/\/www.meritonhotels.com\/wp-content\/uploads\/2023\/02\/Trofe_resto-1024x576.jpg\" alt=\"\" class=\"wp-image-1307\" srcset=\"https:\/\/www.meritonhotels.com\/wp-content\/uploads\/2023\/02\/Trofe_resto-1024x576.jpg 1024w, https:\/\/www.meritonhotels.com\/wp-content\/uploads\/2023\/02\/Trofe_resto-300x169.jpg 300w, https:\/\/www.meritonhotels.com\/wp-content\/uploads\/2023\/02\/Trofe_resto-768x432.jpg 768w, https:\/\/www.meritonhotels.com\/wp-content\/uploads\/2023\/02\/Trofe_resto-1536x864.jpg 1536w, https:\/\/www.meritonhotels.com\/wp-content\/uploads\/2023\/02\/Trofe_resto-1568x882.jpg 1568w, https:\/\/www.meritonhotels.com\/wp-content\/uploads\/2023\/02\/Trofe_resto.jpg 1600w\" sizes=\"auto, (max-width: 1024px) 100vw, 1024px\" \/><\/a><\/figure>\n\n\n\n<figure class=\"wp-block-image size-large\"><a href=\"https:\/\/www.meritonhotels.com\/wp-content\/uploads\/2023\/02\/old_town_restaurant_Tallinn.jpg\"><img loading=\"lazy\" decoding=\"async\" width=\"1024\" height=\"576\" data-id=\"1303\" src=\"https:\/\/www.meritonhotels.com\/wp-content\/uploads\/2023\/02\/old_town_restaurant_Tallinn-1024x576.jpg\" alt=\"\" class=\"wp-image-1303\" srcset=\"https:\/\/www.meritonhotels.com\/wp-content\/uploads\/2023\/02\/old_town_restaurant_Tallinn-1024x576.jpg 1024w, https:\/\/www.meritonhotels.com\/wp-content\/uploads\/2023\/02\/old_town_restaurant_Tallinn-300x169.jpg 300w, https:\/\/www.meritonhotels.com\/wp-content\/uploads\/2023\/02\/old_town_restaurant_Tallinn-768x432.jpg 768w, https:\/\/www.meritonhotels.com\/wp-content\/uploads\/2023\/02\/old_town_restaurant_Tallinn-1536x864.jpg 1536w, https:\/\/www.meritonhotels.com\/wp-content\/uploads\/2023\/02\/old_town_restaurant_Tallinn-1568x882.jpg 1568w, https:\/\/www.meritonhotels.com\/wp-content\/uploads\/2023\/02\/old_town_restaurant_Tallinn.jpg 1600w\" sizes=\"auto, (max-width: 1024px) 100vw, 1024px\" \/><\/a><\/figure>\n<\/figure>\n<\/div>\n\n\n\n<div class=\"wp-block-column is-vertically-aligned-center is-layout-flow wp-block-column-is-layout-flow\" style=\"flex-basis:33.33%\">\n<p class=\"has-text-align-left\" style=\"font-size:25px;letter-spacing:1px;text-transform:uppercase\">Trofe SUUR SAAL<\/p>\n\n\n\n<p style=\"letter-spacing:1px\"><strong>Suurus:<\/strong>&nbsp;127 m\u00b2<br><strong>Mahutavus:<\/strong><br>\u2013 Teatristiil kuni 60 k\u00fclalist<br>\u2013 Klassiruum kuni 40 k\u00fclalist<br>\u2013 Diplomaat kuni 20 k\u00fclalist<br>\u2013 U-kuju kuni 18 k\u00fclalist<br>\u2013 Vastuv\u00f5tt kuni 60 k\u00fclalist<\/p>\n<\/div>\n<\/div>\n\n\n\n<div style=\"height:10px\" aria-hidden=\"true\" class=\"wp-block-spacer\"><\/div>\n","protected":false},"excerpt":{"rendered":"<p>Korraldage meeldej\u00e4\u00e4v s\u00fcndmus, olgu selleks s\u00fcnnip\u00e4ev v\u00f5i t\u00e4htp\u00e4evv\u00f5i lihtsalt \u00f5dus \u00f5htu s\u00f5pradega. Pakume teile sobivad ruumid, toitlustuse ja parima teenindusekogu \u00fcrituse v\u00e4ltel. Lisaks saame pakkuda majutust meie juuresMeriton Old Town Garden hotellis. Meie konverentsi- ja seminariruumid asuvad Tallinna vanalinnas.Kahel erineval korrusel saab l\u00e4bi viia nii ametlikke koosolekuid kui ka pidulikke \u00fcritusi. MEIE SEMINARIRUUMID HOMMIKUS\u00d6\u00d6GI SAAL [&hellip;]<\/p>\n","protected":false},"author":2,"featured_media":0,"parent":0,"menu_order":4,"comment_status":"closed","ping_status":"closed","template":"","meta":{"footnotes":""},"class_list":["post-1344","page","type-page","status-publish","hentry"],"yoast_head":"<!-- This site is optimized with the Yoast SEO plugin v26.8 - https:\/\/yoast.com\/product\/yoast-seo-wordpress\/ -->\n<title>Seminar - Meriton Old Town Hotels<\/title>\n<meta name=\"robots\" content=\"index, follow, max-snippet:-1, max-image-preview:large, max-video-preview:-1\" \/>\n<link rel=\"canonical\" href=\"https:\/\/www.meritonhotels.com\/et\/seminar\/\" \/>\n<meta property=\"og:locale\" content=\"et_EE\" \/>\n<meta property=\"og:type\" content=\"article\" \/>\n<meta property=\"og:title\" content=\"Seminar - Meriton Old Town Hotels\" \/>\n<meta property=\"og:description\" content=\"Korraldage meeldej\u00e4\u00e4v s\u00fcndmus, olgu selleks s\u00fcnnip\u00e4ev v\u00f5i t\u00e4htp\u00e4evv\u00f5i lihtsalt \u00f5dus \u00f5htu s\u00f5pradega. Pakume teile sobivad ruumid, toitlustuse ja parima teenindusekogu \u00fcrituse v\u00e4ltel. Lisaks saame pakkuda majutust meie juuresMeriton Old Town Garden hotellis. Meie konverentsi- ja seminariruumid asuvad Tallinna vanalinnas.Kahel erineval korrusel saab l\u00e4bi viia nii ametlikke koosolekuid kui ka pidulikke \u00fcritusi. MEIE SEMINARIRUUMID HOMMIKUS\u00d6\u00d6GI SAAL [&hellip;]\" \/>\n<meta property=\"og:url\" content=\"https:\/\/www.meritonhotels.com\/et\/seminar\/\" \/>\n<meta property=\"og:site_name\" content=\"Meriton Old Town Hotels\" \/>\n<meta property=\"article:modified_time\" content=\"2024-02-19T10:08:29+00:00\" \/>\n<meta property=\"og:image\" content=\"https:\/\/www.meritonhotels.com\/wp-content\/uploads\/2023\/01\/Pulmad-Tallinnas-Villa-Mary-5.jpg\" \/>\n<meta name=\"twitter:card\" content=\"summary_large_image\" \/>\n<meta name=\"twitter:label1\" content=\"Est. reading time\" \/>\n\t<meta name=\"twitter:data1\" content=\"3 minutit\" \/>\n<script type=\"application\/ld+json\" class=\"yoast-schema-graph\">{\"@context\":\"https:\/\/schema.org\",\"@graph\":[{\"@type\":\"WebPage\",\"@id\":\"https:\/\/www.meritonhotels.com\/et\/seminar\/\",\"url\":\"https:\/\/www.meritonhotels.com\/et\/seminar\/\",\"name\":\"Seminar - Meriton Old Town Hotels\",\"isPartOf\":{\"@id\":\"https:\/\/www.meritonhotels.com\/#website\"},\"primaryImageOfPage\":{\"@id\":\"https:\/\/www.meritonhotels.com\/et\/seminar\/#primaryimage\"},\"image\":{\"@id\":\"https:\/\/www.meritonhotels.com\/et\/seminar\/#primaryimage\"},\"thumbnailUrl\":\"https:\/\/www.meritonhotels.com\/wp-content\/uploads\/2023\/01\/Pulmad-Tallinnas-Villa-Mary-5.jpg\",\"datePublished\":\"2023-01-02T14:01:44+00:00\",\"dateModified\":\"2024-02-19T10:08:29+00:00\",\"breadcrumb\":{\"@id\":\"https:\/\/www.meritonhotels.com\/et\/seminar\/#breadcrumb\"},\"inLanguage\":\"et\",\"potentialAction\":[{\"@type\":\"ReadAction\",\"target\":[\"https:\/\/www.meritonhotels.com\/et\/seminar\/\"]}]},{\"@type\":\"ImageObject\",\"inLanguage\":\"et\",\"@id\":\"https:\/\/www.meritonhotels.com\/et\/seminar\/#primaryimage\",\"url\":\"https:\/\/www.meritonhotels.com\/wp-content\/uploads\/2023\/01\/Pulmad-Tallinnas-Villa-Mary-5.jpg\",\"contentUrl\":\"https:\/\/www.meritonhotels.com\/wp-content\/uploads\/2023\/01\/Pulmad-Tallinnas-Villa-Mary-5.jpg\"},{\"@type\":\"BreadcrumbList\",\"@id\":\"https:\/\/www.meritonhotels.com\/et\/seminar\/#breadcrumb\",\"itemListElement\":[{\"@type\":\"ListItem\",\"position\":1,\"name\":\"Home\",\"item\":\"https:\/\/www.meritonhotels.com\/et\/\"},{\"@type\":\"ListItem\",\"position\":2,\"name\":\"Seminar\"}]},{\"@type\":\"WebSite\",\"@id\":\"https:\/\/www.meritonhotels.com\/#website\",\"url\":\"https:\/\/www.meritonhotels.com\/\",\"name\":\"Meriton Old Town Hotels\",\"description\":\"Hotel right in the heart of Tallinn old town\",\"potentialAction\":[{\"@type\":\"SearchAction\",\"target\":{\"@type\":\"EntryPoint\",\"urlTemplate\":\"https:\/\/www.meritonhotels.com\/?s={search_term_string}\"},\"query-input\":{\"@type\":\"PropertyValueSpecification\",\"valueRequired\":true,\"valueName\":\"search_term_string\"}}],\"inLanguage\":\"et\"}]}<\/script>\n<!-- \/ Yoast SEO plugin. -->","yoast_head_json":{"title":"Seminar - Meriton Old Town Hotels","robots":{"index":"index","follow":"follow","max-snippet":"max-snippet:-1","max-image-preview":"max-image-preview:large","max-video-preview":"max-video-preview:-1"},"canonical":"https:\/\/www.meritonhotels.com\/et\/seminar\/","og_locale":"et_EE","og_type":"article","og_title":"Seminar - Meriton Old Town Hotels","og_description":"Korraldage meeldej\u00e4\u00e4v s\u00fcndmus, olgu selleks s\u00fcnnip\u00e4ev v\u00f5i t\u00e4htp\u00e4evv\u00f5i lihtsalt \u00f5dus \u00f5htu s\u00f5pradega. Pakume teile sobivad ruumid, toitlustuse ja parima teenindusekogu \u00fcrituse v\u00e4ltel. Lisaks saame pakkuda majutust meie juuresMeriton Old Town Garden hotellis. Meie konverentsi- ja seminariruumid asuvad Tallinna vanalinnas.Kahel erineval korrusel saab l\u00e4bi viia nii ametlikke koosolekuid kui ka pidulikke \u00fcritusi. MEIE SEMINARIRUUMID HOMMIKUS\u00d6\u00d6GI SAAL [&hellip;]","og_url":"https:\/\/www.meritonhotels.com\/et\/seminar\/","og_site_name":"Meriton Old Town Hotels","article_modified_time":"2024-02-19T10:08:29+00:00","og_image":[{"url":"https:\/\/www.meritonhotels.com\/wp-content\/uploads\/2023\/01\/Pulmad-Tallinnas-Villa-Mary-5.jpg","type":"","width":"","height":""}],"twitter_card":"summary_large_image","twitter_misc":{"Est. reading time":"3 minutit"},"schema":{"@context":"https:\/\/schema.org","@graph":[{"@type":"WebPage","@id":"https:\/\/www.meritonhotels.com\/et\/seminar\/","url":"https:\/\/www.meritonhotels.com\/et\/seminar\/","name":"Seminar - Meriton Old Town Hotels","isPartOf":{"@id":"https:\/\/www.meritonhotels.com\/#website"},"primaryImageOfPage":{"@id":"https:\/\/www.meritonhotels.com\/et\/seminar\/#primaryimage"},"image":{"@id":"https:\/\/www.meritonhotels.com\/et\/seminar\/#primaryimage"},"thumbnailUrl":"https:\/\/www.meritonhotels.com\/wp-content\/uploads\/2023\/01\/Pulmad-Tallinnas-Villa-Mary-5.jpg","datePublished":"2023-01-02T14:01:44+00:00","dateModified":"2024-02-19T10:08:29+00:00","breadcrumb":{"@id":"https:\/\/www.meritonhotels.com\/et\/seminar\/#breadcrumb"},"inLanguage":"et","potentialAction":[{"@type":"ReadAction","target":["https:\/\/www.meritonhotels.com\/et\/seminar\/"]}]},{"@type":"ImageObject","inLanguage":"et","@id":"https:\/\/www.meritonhotels.com\/et\/seminar\/#primaryimage","url":"https:\/\/www.meritonhotels.com\/wp-content\/uploads\/2023\/01\/Pulmad-Tallinnas-Villa-Mary-5.jpg","contentUrl":"https:\/\/www.meritonhotels.com\/wp-content\/uploads\/2023\/01\/Pulmad-Tallinnas-Villa-Mary-5.jpg"},{"@type":"BreadcrumbList","@id":"https:\/\/www.meritonhotels.com\/et\/seminar\/#breadcrumb","itemListElement":[{"@type":"ListItem","position":1,"name":"Home","item":"https:\/\/www.meritonhotels.com\/et\/"},{"@type":"ListItem","position":2,"name":"Seminar"}]},{"@type":"WebSite","@id":"https:\/\/www.meritonhotels.com\/#website","url":"https:\/\/www.meritonhotels.com\/","name":"Meriton Old Town Hotels","description":"Hotel right in the heart of Tallinn old town","potentialAction":[{"@type":"SearchAction","target":{"@type":"EntryPoint","urlTemplate":"https:\/\/www.meritonhotels.com\/?s={search_term_string}"},"query-input":{"@type":"PropertyValueSpecification","valueRequired":true,"valueName":"search_term_string"}}],"inLanguage":"et"}]}},"_links":{"self":[{"href":"https:\/\/www.meritonhotels.com\/et\/wp-json\/wp\/v2\/pages\/1344","targetHints":{"allow":["GET"]}}],"collection":[{"href":"https:\/\/www.meritonhotels.com\/et\/wp-json\/wp\/v2\/pages"}],"about":[{"href":"https:\/\/www.meritonhotels.com\/et\/wp-json\/wp\/v2\/types\/page"}],"author":[{"embeddable":true,"href":"https:\/\/www.meritonhotels.com\/et\/wp-json\/wp\/v2\/users\/2"}],"replies":[{"embeddable":true,"href":"https:\/\/www.meritonhotels.com\/et\/wp-json\/wp\/v2\/comments?post=1344"}],"version-history":[{"count":5,"href":"https:\/\/www.meritonhotels.com\/et\/wp-json\/wp\/v2\/pages\/1344\/revisions"}],"predecessor-version":[{"id":2192,"href":"https:\/\/www.meritonhotels.com\/et\/wp-json\/wp\/v2\/pages\/1344\/revisions\/2192"}],"wp:attachment":[{"href":"https:\/\/www.meritonhotels.com\/et\/wp-json\/wp\/v2\/media?parent=1344"}],"curies":[{"name":"wp","href":"https:\/\/api.w.org\/{rel}","templated":true}]}}