{"id":1312,"date":"2022-12-14T08:30:18","date_gmt":"2022-12-14T08:30:18","guid":{"rendered":"https:\/\/www.meritonhotels.com\/home\/"},"modified":"2025-01-28T13:36:36","modified_gmt":"2025-01-28T13:36:36","slug":"home","status":"publish","type":"page","link":"https:\/\/www.meritonhotels.com\/et\/","title":{"rendered":"Avaleht"},"content":{"rendered":"\n<div class=\"wp-block-cover alignfull is-light\" style=\"min-height:100vh;aspect-ratio:unset;\"><span aria-hidden=\"true\" class=\"wp-block-cover__background has-background-dim-0 has-background-dim\" style=\"background-color:#8a9eb3\"><\/span><img loading=\"lazy\" decoding=\"async\" width=\"1920\" height=\"1187\" class=\"wp-block-cover__image-background wp-image-1515\" alt=\"\" src=\"https:\/\/www.meritonhotels.com\/wp-content\/uploads\/2023\/03\/estonia-gf140eca80_1920.jpg\" data-object-fit=\"cover\" srcset=\"https:\/\/www.meritonhotels.com\/wp-content\/uploads\/2023\/03\/estonia-gf140eca80_1920.jpg 1920w, https:\/\/www.meritonhotels.com\/wp-content\/uploads\/2023\/03\/estonia-gf140eca80_1920-300x185.jpg 300w, https:\/\/www.meritonhotels.com\/wp-content\/uploads\/2023\/03\/estonia-gf140eca80_1920-1024x633.jpg 1024w, https:\/\/www.meritonhotels.com\/wp-content\/uploads\/2023\/03\/estonia-gf140eca80_1920-768x475.jpg 768w, https:\/\/www.meritonhotels.com\/wp-content\/uploads\/2023\/03\/estonia-gf140eca80_1920-1536x950.jpg 1536w, https:\/\/www.meritonhotels.com\/wp-content\/uploads\/2023\/03\/estonia-gf140eca80_1920-1568x969.jpg 1568w\" sizes=\"auto, (max-width: 1920px) 100vw, 1920px\" \/><div class=\"wp-block-cover__inner-container is-layout-flow wp-block-cover-is-layout-flow\">\n<h1 class=\"wp-block-heading has-text-align-center has-black-color has-text-color has-x-large-font-size\" style=\"font-style:normal;font-weight:500\"> <br><br><br><br><\/h1>\n<\/div><\/div>\n\n\n    \n\n\n<h2 class=\"wp-block-heading has-text-align-center has-text-color\" style=\"color:#1d1502;font-size:30px;letter-spacing:1px;text-transform:uppercase\">Meriton Old Town Garden HotelL<\/h2>\n\n\n\n<hr class=\"wp-block-separator has-alpha-channel-opacity is-style-default\"\/>\n\n\n\n<h2 class=\"wp-block-heading has-text-align-center has-text-color\" style=\"color:#1d1502;font-size:30px;letter-spacing:1px;text-transform:uppercase\">OTSE VANALINNA S\u00dcDAMES<\/h2>\n\n\n\n<div style=\"height:5px\" aria-hidden=\"true\" class=\"wp-block-spacer\"><\/div>\n\n\n\n<div class=\"wp-block-columns alignfull is-layout-flex wp-container-core-columns-is-layout-9d6595d7 wp-block-columns-is-layout-flex\" style=\"font-size:16px;letter-spacing:1px\">\n<div class=\"wp-block-column has-gold-background-color has-background is-layout-flow wp-block-column-is-layout-flow\" style=\"letter-spacing:1px\">\n<div style=\"height:5px\" aria-hidden=\"true\" class=\"wp-block-spacer\"><\/div>\n\n\n\n<div class=\"wp-block-cover is-light\"><span aria-hidden=\"true\" class=\"wp-block-cover__background has-background-dim-0 has-background-dim\"><\/span><img loading=\"lazy\" decoding=\"async\" width=\"1024\" height=\"659\" class=\"wp-block-cover__image-background wp-image-551\" alt=\"\" src=\"https:\/\/www.meritonhotels.com\/wp-content\/uploads\/2022\/12\/Old-Town-Garden-Hotel-Tallinn-Standard-room-4-1024x659-2.jpg\" style=\"object-position:56% 55%\" data-object-fit=\"cover\" data-object-position=\"56% 55%\" srcset=\"https:\/\/www.meritonhotels.com\/wp-content\/uploads\/2022\/12\/Old-Town-Garden-Hotel-Tallinn-Standard-room-4-1024x659-2.jpg 1024w, https:\/\/www.meritonhotels.com\/wp-content\/uploads\/2022\/12\/Old-Town-Garden-Hotel-Tallinn-Standard-room-4-1024x659-2-300x193.jpg 300w, https:\/\/www.meritonhotels.com\/wp-content\/uploads\/2022\/12\/Old-Town-Garden-Hotel-Tallinn-Standard-room-4-1024x659-2-768x494.jpg 768w\" sizes=\"auto, (max-width: 1024px) 100vw, 1024px\" \/><div class=\"wp-block-cover__inner-container is-layout-flow wp-block-cover-is-layout-flow\">\n<p class=\"has-text-align-center has-large-font-size\"><\/p>\n<\/div><\/div>\n\n\n\n<h2 class=\"wp-block-heading has-text-align-center\" style=\"font-size:25px;letter-spacing:1px\"><a href=\"https:\/\/www.meritonhotels.com\/et\/rooms\/\">HOTELL<\/a><\/h2>\n\n\n\n<p class=\"has-text-align-center\"><a href=\"https:\/\/www.meritonhotels.com\/et\/rooms\/\">Meriton Old Town Garden Hotell asub Tallinna vanalinnas, k\u00f5igest paarisaja meetri kaugusel Tallinna Raekoja platsist.<\/a><\/p>\n<\/div>\n\n\n\n<div class=\"wp-block-column has-gold-background-color has-background is-layout-flow wp-block-column-is-layout-flow\" style=\"letter-spacing:1px\">\n<div style=\"height:5px\" aria-hidden=\"true\" class=\"wp-block-spacer\"><\/div>\n\n\n\n<div class=\"wp-block-cover is-light\"><span aria-hidden=\"true\" class=\"wp-block-cover__background has-background-dim-0 has-background-dim\"><\/span><img loading=\"lazy\" decoding=\"async\" width=\"1024\" height=\"576\" class=\"wp-block-cover__image-background wp-image-410\" alt=\"\" src=\"https:\/\/www.meritonhotels.com\/wp-content\/uploads\/2022\/12\/DSC_3379-1024x576-2.jpg\" style=\"object-position:56% 78%\" data-object-fit=\"cover\" data-object-position=\"56% 78%\" srcset=\"https:\/\/www.meritonhotels.com\/wp-content\/uploads\/2022\/12\/DSC_3379-1024x576-2.jpg 1024w, https:\/\/www.meritonhotels.com\/wp-content\/uploads\/2022\/12\/DSC_3379-1024x576-2-300x169.jpg 300w, https:\/\/www.meritonhotels.com\/wp-content\/uploads\/2022\/12\/DSC_3379-1024x576-2-768x432.jpg 768w\" sizes=\"auto, (max-width: 1024px) 100vw, 1024px\" \/><div class=\"wp-block-cover__inner-container is-layout-flow wp-block-cover-is-layout-flow\">\n<p class=\"has-text-align-center has-text-color has-large-font-size\" style=\"color:#1d1502\"><\/p>\n<\/div><\/div>\n\n\n\n<h2 class=\"wp-block-heading has-text-align-center\" style=\"font-size:25px;letter-spacing:1px;text-transform:none\"><a href=\"https:\/\/www.meritonhotels.com\/et\/restaurants\/\">RESTORANID<\/a><\/h2>\n\n\n\n<p class=\"has-text-align-center\"><a href=\"https:\/\/www.meritonhotels.com\/et\/restaurants\/\">Restorani Trofe men\u00fc\u00fc peegeldab kaasaegset l\u00e4henemist armastatud roogadele Eestist ja Skandinaaviast.<br><\/a><\/p>\n\n\n\n<div style=\"height:5px\" aria-hidden=\"true\" class=\"wp-block-spacer\"><\/div>\n\n\n\n<div style=\"height:5px\" aria-hidden=\"true\" class=\"wp-block-spacer\"><\/div>\n<\/div>\n\n\n\n<div class=\"wp-block-column has-gold-background-color has-background is-layout-flow wp-block-column-is-layout-flow\" style=\"letter-spacing:1px\">\n<div style=\"height:5px\" aria-hidden=\"true\" class=\"wp-block-spacer\"><\/div>\n\n\n\n<div class=\"wp-block-cover is-light\"><span aria-hidden=\"true\" class=\"wp-block-cover__background has-background-dim-0 has-background-dim\"><\/span><img loading=\"lazy\" decoding=\"async\" width=\"1600\" height=\"900\" class=\"wp-block-cover__image-background wp-image-969\" alt=\"\" src=\"https:\/\/www.meritonhotels.com\/wp-content\/uploads\/2023\/01\/Cafe-Pikk_1.jpg\" data-object-fit=\"cover\" srcset=\"https:\/\/www.meritonhotels.com\/wp-content\/uploads\/2023\/01\/Cafe-Pikk_1.jpg 1600w, https:\/\/www.meritonhotels.com\/wp-content\/uploads\/2023\/01\/Cafe-Pikk_1-300x169.jpg 300w, https:\/\/www.meritonhotels.com\/wp-content\/uploads\/2023\/01\/Cafe-Pikk_1-1024x576.jpg 1024w, https:\/\/www.meritonhotels.com\/wp-content\/uploads\/2023\/01\/Cafe-Pikk_1-768x432.jpg 768w, https:\/\/www.meritonhotels.com\/wp-content\/uploads\/2023\/01\/Cafe-Pikk_1-1536x864.jpg 1536w, https:\/\/www.meritonhotels.com\/wp-content\/uploads\/2023\/01\/Cafe-Pikk_1-1568x882.jpg 1568w\" sizes=\"auto, (max-width: 1600px) 100vw, 1600px\" \/><div class=\"wp-block-cover__inner-container is-layout-flow wp-block-cover-is-layout-flow\">\n<p class=\"has-text-align-center has-large-font-size\"><\/p>\n<\/div><\/div>\n\n\n\n<h2 class=\"wp-block-heading has-text-align-center\" style=\"font-size:25px;letter-spacing:1px\"><a href=\"https:\/\/www.meritonhotels.com\/et\/seminar\/\">SEMINAR<\/a><\/h2>\n\n\n\n<p class=\"has-text-align-center\" style=\"letter-spacing:1px\"><a href=\"https:\/\/www.meritonhotels.com\/et\/seminar\/\">Korraldage teile meeldej\u00e4\u00e4v s\u00fcndmus, olgu selleks s\u00fcnnip\u00e4ev, t\u00e4htp\u00e4ev v\u00f5i lihtsalt \u00f5dus \u00f5htu s\u00f5pradega.<br><\/a><br><\/p>\n\n\n\n<div style=\"height:5px\" aria-hidden=\"true\" class=\"wp-block-spacer\"><\/div>\n<\/div>\n\n\n\n<div class=\"wp-block-column has-gold-background-color has-background is-layout-flow wp-block-column-is-layout-flow\" style=\"letter-spacing:1px\">\n<div style=\"height:5px\" aria-hidden=\"true\" class=\"wp-block-spacer\"><\/div>\n\n\n\n<div class=\"wp-block-cover is-light\"><span aria-hidden=\"true\" class=\"wp-block-cover__background has-background-dim-0 has-background-dim\"><\/span><img loading=\"lazy\" decoding=\"async\" width=\"1024\" height=\"576\" class=\"wp-block-cover__image-background wp-image-294\" alt=\"\" src=\"https:\/\/www.meritonhotels.com\/wp-content\/uploads\/2022\/12\/romantikapakett_villas1-1024x576-1.jpg\" style=\"object-position:44% 58%\" data-object-fit=\"cover\" data-object-position=\"44% 58%\" srcset=\"https:\/\/www.meritonhotels.com\/wp-content\/uploads\/2022\/12\/romantikapakett_villas1-1024x576-1.jpg 1024w, https:\/\/www.meritonhotels.com\/wp-content\/uploads\/2022\/12\/romantikapakett_villas1-1024x576-1-300x169.jpg 300w, https:\/\/www.meritonhotels.com\/wp-content\/uploads\/2022\/12\/romantikapakett_villas1-1024x576-1-768x432.jpg 768w\" sizes=\"auto, (max-width: 1024px) 100vw, 1024px\" \/><div class=\"wp-block-cover__inner-container is-layout-flow wp-block-cover-is-layout-flow\">\n<p class=\"has-text-align-center has-text-color has-large-font-size\" style=\"color:#1d1502\"><\/p>\n<\/div><\/div>\n\n\n\n<h2 class=\"wp-block-heading has-text-align-center\" style=\"font-size:25px;letter-spacing:1px\"><a href=\"https:\/\/www.meritonhotels.com\/et\/offers\/\">PAKKUMISED<\/a><\/h2>\n\n\n\n<p class=\"has-text-align-center\" style=\"letter-spacing:1px\"><a href=\"https:\/\/www.meritonhotels.com\/et\/offers\/\">Siin on meie viimased eripakkumised restorani k\u00fclastuseks ja majutuspaketid.<\/a><br><br><br><\/p>\n\n\n\n<div style=\"height:5px\" aria-hidden=\"true\" class=\"wp-block-spacer\"><\/div>\n<\/div>\n<\/div>\n\n\n\n<div class=\"wp-block-columns is-layout-flex wp-container-core-columns-is-layout-9d6595d7 wp-block-columns-is-layout-flex\">\n<div class=\"wp-block-column is-layout-flow wp-block-column-is-layout-flow\">\n<figure class=\"wp-block-image size-large\"><a href=\"https:\/\/www.gpsmycity.com\/gps-tour-guides\/tallinn-486.html?hid=3566\"><img loading=\"lazy\" decoding=\"async\" width=\"1024\" height=\"342\" src=\"https:\/\/www.meritonhotels.com\/wp-content\/uploads\/2025\/01\/thumbnail_GPSmyCity_Tallinn-Estonia-1024x342.png\" alt=\"\" class=\"wp-image-2575\" srcset=\"https:\/\/www.meritonhotels.com\/wp-content\/uploads\/2025\/01\/thumbnail_GPSmyCity_Tallinn-Estonia-1024x342.png 1024w, https:\/\/www.meritonhotels.com\/wp-content\/uploads\/2025\/01\/thumbnail_GPSmyCity_Tallinn-Estonia-300x100.png 300w, https:\/\/www.meritonhotels.com\/wp-content\/uploads\/2025\/01\/thumbnail_GPSmyCity_Tallinn-Estonia-768x257.png 768w, https:\/\/www.meritonhotels.com\/wp-content\/uploads\/2025\/01\/thumbnail_GPSmyCity_Tallinn-Estonia-1536x513.png 1536w, https:\/\/www.meritonhotels.com\/wp-content\/uploads\/2025\/01\/thumbnail_GPSmyCity_Tallinn-Estonia-2048x684.png 2048w, https:\/\/www.meritonhotels.com\/wp-content\/uploads\/2025\/01\/thumbnail_GPSmyCity_Tallinn-Estonia-1568x524.png 1568w\" sizes=\"auto, (max-width: 1024px) 100vw, 1024px\" \/><\/a><\/figure>\n<\/div>\n<\/div>\n\n\n\n<div class=\"wp-block-webfactory-map alignfull google-map-edhotels\"><div class=\"wp-block-webfactory-map\"><iframe loading=\"lazy\" width=\"100%\" height=\"540px\" src=\"https:\/\/www.google.com\/maps\/embed\/v1\/place?q=Lai%2024%2FPikk%2029%2C%20Tallinn%2010133&amp;maptype=roadmap&amp;zoom=17&amp;key=AIzaSyDu21TpfU-MuEwU2kFMxIuyEP8nP1tAj4I\" frameborder=\"0\"><\/iframe><\/div><\/div>\n","protected":false},"excerpt":{"rendered":"<p>Meriton Old Town Garden HotelL OTSE VANALINNA S\u00dcDAMES HOTELL Meriton Old Town Garden Hotell asub Tallinna vanalinnas, k\u00f5igest paarisaja meetri kaugusel Tallinna Raekoja platsist. RESTORANID Restorani Trofe men\u00fc\u00fc peegeldab kaasaegset l\u00e4henemist armastatud roogadele Eestist ja Skandinaaviast. SEMINAR Korraldage teile meeldej\u00e4\u00e4v s\u00fcndmus, olgu selleks s\u00fcnnip\u00e4ev, t\u00e4htp\u00e4ev v\u00f5i lihtsalt \u00f5dus \u00f5htu s\u00f5pradega. PAKKUMISED Siin on meie viimased [&hellip;]<\/p>\n","protected":false},"author":1,"featured_media":0,"parent":0,"menu_order":1,"comment_status":"closed","ping_status":"closed","template":"","meta":{"footnotes":""},"class_list":["post-1312","page","type-page","status-publish","hentry"],"yoast_head":"<!-- This site is optimized with the Yoast SEO plugin v26.8 - https:\/\/yoast.com\/product\/yoast-seo-wordpress\/ -->\n<title>Meriton Old Town Garden Hotell Tallinnas Ametlik Koduleht<\/title>\n<meta name=\"description\" content=\"Meriton Old Town Garden Hotell asub Tallinna vanalinnas, k\u00f5igest paarisaja meetri kaugusel Tallinna Raekoja platsist.\" \/>\n<meta name=\"robots\" content=\"index, follow, max-snippet:-1, max-image-preview:large, max-video-preview:-1\" \/>\n<link rel=\"canonical\" href=\"https:\/\/www.meritonhotels.com\/et\/\" \/>\n<meta property=\"og:locale\" content=\"et_EE\" \/>\n<meta property=\"og:type\" content=\"article\" \/>\n<meta property=\"og:title\" content=\"Meriton Old Town Garden Hotell Tallinnas Ametlik Koduleht\" \/>\n<meta property=\"og:description\" content=\"Meriton Old Town Garden Hotell asub Tallinna vanalinnas, k\u00f5igest paarisaja meetri kaugusel Tallinna Raekoja platsist.\" \/>\n<meta property=\"og:url\" content=\"https:\/\/www.meritonhotels.com\/et\/\" \/>\n<meta property=\"og:site_name\" content=\"Meriton Old Town Hotels\" \/>\n<meta property=\"article:modified_time\" content=\"2025-01-28T13:36:36+00:00\" \/>\n<meta property=\"og:image\" content=\"https:\/\/www.meritonhotels.com\/wp-content\/uploads\/2023\/03\/estonia-gf140eca80_1920.jpg\" \/>\n\t<meta property=\"og:image:width\" content=\"1920\" \/>\n\t<meta property=\"og:image:height\" content=\"1187\" \/>\n\t<meta property=\"og:image:type\" content=\"image\/jpeg\" \/>\n<meta name=\"twitter:card\" content=\"summary_large_image\" \/>\n<meta name=\"twitter:label1\" content=\"Est. reading time\" \/>\n\t<meta name=\"twitter:data1\" content=\"2 minutit\" \/>\n<script type=\"application\/ld+json\" class=\"yoast-schema-graph\">{\"@context\":\"https:\/\/schema.org\",\"@graph\":[{\"@type\":\"WebPage\",\"@id\":\"https:\/\/www.meritonhotels.com\/et\/\",\"url\":\"https:\/\/www.meritonhotels.com\/et\/\",\"name\":\"Meriton Old Town Garden Hotell Tallinnas Ametlik Koduleht\",\"isPartOf\":{\"@id\":\"https:\/\/www.meritonhotels.com\/#website\"},\"primaryImageOfPage\":{\"@id\":\"https:\/\/www.meritonhotels.com\/et\/#primaryimage\"},\"image\":{\"@id\":\"https:\/\/www.meritonhotels.com\/et\/#primaryimage\"},\"thumbnailUrl\":\"https:\/\/www.meritonhotels.com\/wp-content\/uploads\/2023\/03\/estonia-gf140eca80_1920.jpg\",\"datePublished\":\"2022-12-14T08:30:18+00:00\",\"dateModified\":\"2025-01-28T13:36:36+00:00\",\"description\":\"Meriton Old Town Garden Hotell asub Tallinna vanalinnas, k\u00f5igest paarisaja meetri kaugusel Tallinna Raekoja platsist.\",\"breadcrumb\":{\"@id\":\"https:\/\/www.meritonhotels.com\/et\/#breadcrumb\"},\"inLanguage\":\"et\",\"potentialAction\":[{\"@type\":\"ReadAction\",\"target\":[\"https:\/\/www.meritonhotels.com\/et\/\"]}]},{\"@type\":\"ImageObject\",\"inLanguage\":\"et\",\"@id\":\"https:\/\/www.meritonhotels.com\/et\/#primaryimage\",\"url\":\"https:\/\/www.meritonhotels.com\/wp-content\/uploads\/2023\/03\/estonia-gf140eca80_1920.jpg\",\"contentUrl\":\"https:\/\/www.meritonhotels.com\/wp-content\/uploads\/2023\/03\/estonia-gf140eca80_1920.jpg\"},{\"@type\":\"BreadcrumbList\",\"@id\":\"https:\/\/www.meritonhotels.com\/et\/#breadcrumb\",\"itemListElement\":[{\"@type\":\"ListItem\",\"position\":1,\"name\":\"Home\",\"item\":\"https:\/\/www.meritonhotels.com\/et\/\"},{\"@type\":\"ListItem\",\"position\":2,\"name\":\"Avaleht\"}]},{\"@type\":\"WebSite\",\"@id\":\"https:\/\/www.meritonhotels.com\/#website\",\"url\":\"https:\/\/www.meritonhotels.com\/\",\"name\":\"Meriton Old Town Hotels\",\"description\":\"Hotel right in the heart of Tallinn old town\",\"potentialAction\":[{\"@type\":\"SearchAction\",\"target\":{\"@type\":\"EntryPoint\",\"urlTemplate\":\"https:\/\/www.meritonhotels.com\/?s={search_term_string}\"},\"query-input\":{\"@type\":\"PropertyValueSpecification\",\"valueRequired\":true,\"valueName\":\"search_term_string\"}}],\"inLanguage\":\"et\"}]}<\/script>\n<!-- \/ Yoast SEO plugin. -->","yoast_head_json":{"title":"Meriton Old Town Garden Hotell Tallinnas Ametlik Koduleht","description":"Meriton Old Town Garden Hotell asub Tallinna vanalinnas, k\u00f5igest paarisaja meetri kaugusel Tallinna Raekoja platsist.","robots":{"index":"index","follow":"follow","max-snippet":"max-snippet:-1","max-image-preview":"max-image-preview:large","max-video-preview":"max-video-preview:-1"},"canonical":"https:\/\/www.meritonhotels.com\/et\/","og_locale":"et_EE","og_type":"article","og_title":"Meriton Old Town Garden Hotell Tallinnas Ametlik Koduleht","og_description":"Meriton Old Town Garden Hotell asub Tallinna vanalinnas, k\u00f5igest paarisaja meetri kaugusel Tallinna Raekoja platsist.","og_url":"https:\/\/www.meritonhotels.com\/et\/","og_site_name":"Meriton Old Town Hotels","article_modified_time":"2025-01-28T13:36:36+00:00","og_image":[{"width":1920,"height":1187,"url":"https:\/\/www.meritonhotels.com\/wp-content\/uploads\/2023\/03\/estonia-gf140eca80_1920.jpg","type":"image\/jpeg"}],"twitter_card":"summary_large_image","twitter_misc":{"Est. reading time":"2 minutit"},"schema":{"@context":"https:\/\/schema.org","@graph":[{"@type":"WebPage","@id":"https:\/\/www.meritonhotels.com\/et\/","url":"https:\/\/www.meritonhotels.com\/et\/","name":"Meriton Old Town Garden Hotell Tallinnas Ametlik Koduleht","isPartOf":{"@id":"https:\/\/www.meritonhotels.com\/#website"},"primaryImageOfPage":{"@id":"https:\/\/www.meritonhotels.com\/et\/#primaryimage"},"image":{"@id":"https:\/\/www.meritonhotels.com\/et\/#primaryimage"},"thumbnailUrl":"https:\/\/www.meritonhotels.com\/wp-content\/uploads\/2023\/03\/estonia-gf140eca80_1920.jpg","datePublished":"2022-12-14T08:30:18+00:00","dateModified":"2025-01-28T13:36:36+00:00","description":"Meriton Old Town Garden Hotell asub Tallinna vanalinnas, k\u00f5igest paarisaja meetri kaugusel Tallinna Raekoja platsist.","breadcrumb":{"@id":"https:\/\/www.meritonhotels.com\/et\/#breadcrumb"},"inLanguage":"et","potentialAction":[{"@type":"ReadAction","target":["https:\/\/www.meritonhotels.com\/et\/"]}]},{"@type":"ImageObject","inLanguage":"et","@id":"https:\/\/www.meritonhotels.com\/et\/#primaryimage","url":"https:\/\/www.meritonhotels.com\/wp-content\/uploads\/2023\/03\/estonia-gf140eca80_1920.jpg","contentUrl":"https:\/\/www.meritonhotels.com\/wp-content\/uploads\/2023\/03\/estonia-gf140eca80_1920.jpg"},{"@type":"BreadcrumbList","@id":"https:\/\/www.meritonhotels.com\/et\/#breadcrumb","itemListElement":[{"@type":"ListItem","position":1,"name":"Home","item":"https:\/\/www.meritonhotels.com\/et\/"},{"@type":"ListItem","position":2,"name":"Avaleht"}]},{"@type":"WebSite","@id":"https:\/\/www.meritonhotels.com\/#website","url":"https:\/\/www.meritonhotels.com\/","name":"Meriton Old Town Hotels","description":"Hotel right in the heart of Tallinn old town","potentialAction":[{"@type":"SearchAction","target":{"@type":"EntryPoint","urlTemplate":"https:\/\/www.meritonhotels.com\/?s={search_term_string}"},"query-input":{"@type":"PropertyValueSpecification","valueRequired":true,"valueName":"search_term_string"}}],"inLanguage":"et"}]}},"_links":{"self":[{"href":"https:\/\/www.meritonhotels.com\/et\/wp-json\/wp\/v2\/pages\/1312","targetHints":{"allow":["GET"]}}],"collection":[{"href":"https:\/\/www.meritonhotels.com\/et\/wp-json\/wp\/v2\/pages"}],"about":[{"href":"https:\/\/www.meritonhotels.com\/et\/wp-json\/wp\/v2\/types\/page"}],"author":[{"embeddable":true,"href":"https:\/\/www.meritonhotels.com\/et\/wp-json\/wp\/v2\/users\/1"}],"replies":[{"embeddable":true,"href":"https:\/\/www.meritonhotels.com\/et\/wp-json\/wp\/v2\/comments?post=1312"}],"version-history":[{"count":38,"href":"https:\/\/www.meritonhotels.com\/et\/wp-json\/wp\/v2\/pages\/1312\/revisions"}],"predecessor-version":[{"id":2581,"href":"https:\/\/www.meritonhotels.com\/et\/wp-json\/wp\/v2\/pages\/1312\/revisions\/2581"}],"wp:attachment":[{"href":"https:\/\/www.meritonhotels.com\/et\/wp-json\/wp\/v2\/media?parent=1312"}],"curies":[{"name":"wp","href":"https:\/\/api.w.org\/{rel}","templated":true}]}}